{"id":9934,"date":"2021-02-17T15:35:38","date_gmt":"2021-02-17T13:35:38","guid":{"rendered":"https:\/\/www.mrmotors.fi\/produkt\/paro-520-rx\/"},"modified":"2021-07-14T09:31:08","modified_gmt":"2021-07-14T06:31:08","slug":"paro-520-rx","status":"publish","type":"product","link":"https:\/\/www.mrmotors.fi\/fi\/tuote\/paro-520-rx\/","title":{"rendered":"Paro 520 RX"},"content":{"rendered":"<p>PARO 520 RX vastaa PARO 520 mutta siin\u00e4 on ohjauspulpetti siirretty eteenp\u00e4in ja ylim\u00e4\u00e4r\u00e4inen istuinpenkki selk\u00e4nojalla kahdelle hengelle. Penkki toimii s\u00e4ilytystilana ja selk\u00e4noja voidaan k\u00e4\u00e4nt\u00e4\u00e4 eteenp\u00e4in. Tyynyt kuuluvat toimitukseen t\u00e4ss\u00e4 versiossa.<\/p>\n<p><strong>Lis\u00e4tarvikkeet:<\/strong> &#8211; sivukaiteet, &#8211; keulakaiteet, &#8211; pulpetin- ja penkinsuoja<\/p>\n<p>5,20 x2,00 metri\u00e4.450kg.<\/p>\n<p>Moottori:40-70 Hv.<\/p>\n<p>&nbsp;<\/p>\n<p>Honda.Suzuki.Mercury moottorit.<\/p>\n<p>Kysy pakettihinta.<\/p>\n<p>L\u00f6ytyy varastossa<\/p>\n","protected":false},"excerpt":{"rendered":"<p>PARO 520 RX vastaa PARO 520 mutta siin\u00e4 on ohjauspulpetti siirretty eteenp\u00e4in ja ylim\u00e4\u00e4r\u00e4inen istuinpenkki selk\u00e4nojalla kahdelle hengelle. Penkki toimii s\u00e4ilytystilana ja selk\u00e4noja voidaan k\u00e4\u00e4nt\u00e4\u00e4 eteenp\u00e4in. Tyynyt kuuluvat toimitukseen t\u00e4ss\u00e4 versiossa. Lis\u00e4tarvikkeet: &#8211; sivukaiteet, &#8211; keulakaiteet, &#8211; pulpetin- ja penkinsuoja 5,20 x2,00 metri\u00e4.450kg. Moottori:40-70 Hv. &nbsp; Honda.Suzuki.Mercury moottorit. Kysy pakettihinta. L\u00f6ytyy varastossa<\/p>\n","protected":false},"featured_media":9888,"template":"","meta":[],"product_cat":[19,21],"product_tag":[],"_links":{"self":[{"href":"https:\/\/www.mrmotors.fi\/fi\/wp-json\/wp\/v2\/product\/9934"}],"collection":[{"href":"https:\/\/www.mrmotors.fi\/fi\/wp-json\/wp\/v2\/product"}],"about":[{"href":"https:\/\/www.mrmotors.fi\/fi\/wp-json\/wp\/v2\/types\/product"}],"wp:featuredmedia":[{"embeddable":true,"href":"https:\/\/www.mrmotors.fi\/fi\/wp-json\/wp\/v2\/media\/9888"}],"wp:attachment":[{"href":"https:\/\/www.mrmotors.fi\/fi\/wp-json\/wp\/v2\/media?parent=9934"}],"wp:term":[{"taxonomy":"product_cat","embeddable":true,"href":"https:\/\/www.mrmotors.fi\/fi\/wp-json\/wp\/v2\/product_cat?post=9934"},{"taxonomy":"product_tag","embeddable":true,"href":"https:\/\/www.mrmotors.fi\/fi\/wp-json\/wp\/v2\/product_tag?post=9934"}],"curies":[{"name":"wp","href":"https:\/\/api.w.org\/{rel}","templated":true}]}}