{"id":8419,"date":"2020-02-21T16:33:17","date_gmt":"2020-02-21T14:33:17","guid":{"rendered":"https:\/\/www.mrmotors.fi\/produkt\/mercury-f-20-elpt\/"},"modified":"2025-12-01T15:21:17","modified_gmt":"2025-12-01T13:21:17","slug":"mercury-f-20-elpt","status":"publish","type":"product","link":"https:\/\/www.mrmotors.fi\/fi\/tuote\/mercury-f-20-elpt\/","title":{"rendered":"Mercury F 20 ELPT"},"content":{"rendered":"<p>Pitk\u00e4 riki.S\u00e4hk\u00f6startti.S\u00e4hk\u00f6kippi.<br \/>\nKaukos\u00e4\u00e4t\u00f6laite.Ruisku moottori.<br \/>\nL\u00f6ytyy varastossa.<\/p>\n","protected":false},"excerpt":{"rendered":"<p>Pitk\u00e4 riki.S\u00e4hk\u00f6startti.S\u00e4hk\u00f6kippi. Kaukos\u00e4\u00e4t\u00f6laite.Ruisku moottori. L\u00f6ytyy varastossa.<\/p>\n","protected":false},"featured_media":8409,"template":"","meta":[],"product_cat":[68,19],"product_tag":[],"_links":{"self":[{"href":"https:\/\/www.mrmotors.fi\/fi\/wp-json\/wp\/v2\/product\/8419"}],"collection":[{"href":"https:\/\/www.mrmotors.fi\/fi\/wp-json\/wp\/v2\/product"}],"about":[{"href":"https:\/\/www.mrmotors.fi\/fi\/wp-json\/wp\/v2\/types\/product"}],"wp:featuredmedia":[{"embeddable":true,"href":"https:\/\/www.mrmotors.fi\/fi\/wp-json\/wp\/v2\/media\/8409"}],"wp:attachment":[{"href":"https:\/\/www.mrmotors.fi\/fi\/wp-json\/wp\/v2\/media?parent=8419"}],"wp:term":[{"taxonomy":"product_cat","embeddable":true,"href":"https:\/\/www.mrmotors.fi\/fi\/wp-json\/wp\/v2\/product_cat?post=8419"},{"taxonomy":"product_tag","embeddable":true,"href":"https:\/\/www.mrmotors.fi\/fi\/wp-json\/wp\/v2\/product_tag?post=8419"}],"curies":[{"name":"wp","href":"https:\/\/api.w.org\/{rel}","templated":true}]}}