{"id":7824,"date":"2019-10-29T09:31:40","date_gmt":"2019-10-29T07:31:40","guid":{"rendered":"https:\/\/www.mrmotors.fi\/produkt\/atv-hiekkakarry\/"},"modified":"2024-12-13T09:36:02","modified_gmt":"2024-12-13T07:36:02","slug":"atv-hiekkakarry","status":"publish","type":"product","link":"https:\/\/www.mrmotors.fi\/fi\/tuote\/atv-hiekkakarry\/","title":{"rendered":"ATV Hiekkak\u00e4rry"},"content":{"rendered":"<p>Hiekkak\u00e4rry kipill\u00e4 erikoishintaan.<\/p>\n","protected":false},"excerpt":{"rendered":"<p>Hiekkak\u00e4rry kipill\u00e4 erikoishintaan.<\/p>\n","protected":false},"featured_media":7821,"template":"","meta":[],"product_cat":[20,19],"product_tag":[],"_links":{"self":[{"href":"https:\/\/www.mrmotors.fi\/fi\/wp-json\/wp\/v2\/product\/7824"}],"collection":[{"href":"https:\/\/www.mrmotors.fi\/fi\/wp-json\/wp\/v2\/product"}],"about":[{"href":"https:\/\/www.mrmotors.fi\/fi\/wp-json\/wp\/v2\/types\/product"}],"wp:featuredmedia":[{"embeddable":true,"href":"https:\/\/www.mrmotors.fi\/fi\/wp-json\/wp\/v2\/media\/7821"}],"wp:attachment":[{"href":"https:\/\/www.mrmotors.fi\/fi\/wp-json\/wp\/v2\/media?parent=7824"}],"wp:term":[{"taxonomy":"product_cat","embeddable":true,"href":"https:\/\/www.mrmotors.fi\/fi\/wp-json\/wp\/v2\/product_cat?post=7824"},{"taxonomy":"product_tag","embeddable":true,"href":"https:\/\/www.mrmotors.fi\/fi\/wp-json\/wp\/v2\/product_tag?post=7824"}],"curies":[{"name":"wp","href":"https:\/\/api.w.org\/{rel}","templated":true}]}}