{"id":3700,"date":"2017-03-29T16:31:44","date_gmt":"2017-03-29T13:31:44","guid":{"rendered":"https:\/\/www.mrmotors.fi\/product\/terhi-baby-fun-2\/"},"modified":"2021-12-29T11:18:25","modified_gmt":"2021-12-29T09:18:25","slug":"terhi-baby-fun-2","status":"publish","type":"product","link":"https:\/\/www.mrmotors.fi\/fi\/tuote\/terhi-baby-fun-2\/","title":{"rendered":"Terhi Tender"},"content":{"rendered":"<p>Erinomainen ison veneen apujolla tai ensivene perheen tulevien veneilij\u00f6iden k\u00e4ytt\u00f6\u00f6n. Se on vaivaton soutaa, kevyt nostaa ja siirt\u00e4\u00e4 ja kulkee jarruttelematta matkaveneen per\u00e4ss\u00e4. Katamaraanirunkonsa ansioista Terhi Tender on erityisen vakaa ja turvallinen. Pitkitt\u00e4issuuntaisen penkin alta l\u00f6ytyy lukittava tila airoille ja varusteille.<br \/>\nL\u00f6ytyy varastossa.<\/p>\n","protected":false},"excerpt":{"rendered":"<p>2,35 m x 1,55m.Paino 55kg.Maks 3hv.4 vuoden takuu.<\/p>\n","protected":false},"featured_media":11426,"template":"","meta":[],"product_cat":[19,21],"product_tag":[],"_links":{"self":[{"href":"https:\/\/www.mrmotors.fi\/fi\/wp-json\/wp\/v2\/product\/3700"}],"collection":[{"href":"https:\/\/www.mrmotors.fi\/fi\/wp-json\/wp\/v2\/product"}],"about":[{"href":"https:\/\/www.mrmotors.fi\/fi\/wp-json\/wp\/v2\/types\/product"}],"wp:featuredmedia":[{"embeddable":true,"href":"https:\/\/www.mrmotors.fi\/fi\/wp-json\/wp\/v2\/media\/11426"}],"wp:attachment":[{"href":"https:\/\/www.mrmotors.fi\/fi\/wp-json\/wp\/v2\/media?parent=3700"}],"wp:term":[{"taxonomy":"product_cat","embeddable":true,"href":"https:\/\/www.mrmotors.fi\/fi\/wp-json\/wp\/v2\/product_cat?post=3700"},{"taxonomy":"product_tag","embeddable":true,"href":"https:\/\/www.mrmotors.fi\/fi\/wp-json\/wp\/v2\/product_tag?post=3700"}],"curies":[{"name":"wp","href":"https:\/\/api.w.org\/{rel}","templated":true}]}}