{"id":3699,"date":"2017-03-29T16:34:01","date_gmt":"2017-03-29T13:34:01","guid":{"rendered":"https:\/\/www.mrmotors.fi\/product\/terhi-sunny-2\/"},"modified":"2021-12-29T11:12:37","modified_gmt":"2021-12-29T09:12:37","slug":"terhi-sunny-2","status":"publish","type":"product","link":"https:\/\/www.mrmotors.fi\/fi\/tuote\/terhi-sunny-2\/","title":{"rendered":"Terhi Sunny"},"content":{"rendered":"<p>K\u00e4tev\u00e4n kokonsa ja keveytens\u00e4 ansiosta t\u00e4m\u00e4 avovene kulkee mukavasti mukana vaikka auton katolla tai isomman veneen taaveteissa. Sunny sopii kalastusk\u00e4yt\u00f6n lis\u00e4ksi mainiosti linnustajan passiveneeksi. Sunny on soutuvene, joka helpon soudettavuuden lis\u00e4ksi tarjoaa iloista kulkua pienell\u00e4 per\u00e4moottorilla.<br \/>\nL\u00f6ytyy varastossa.<\/p>\n","protected":false},"excerpt":{"rendered":"<p>3,10 m x 1,74 m.75kg.Maks 5hk.4vuoden takuu.<\/p>\n","protected":false},"featured_media":11424,"template":"","meta":[],"product_cat":[19,21],"product_tag":[],"_links":{"self":[{"href":"https:\/\/www.mrmotors.fi\/fi\/wp-json\/wp\/v2\/product\/3699"}],"collection":[{"href":"https:\/\/www.mrmotors.fi\/fi\/wp-json\/wp\/v2\/product"}],"about":[{"href":"https:\/\/www.mrmotors.fi\/fi\/wp-json\/wp\/v2\/types\/product"}],"wp:featuredmedia":[{"embeddable":true,"href":"https:\/\/www.mrmotors.fi\/fi\/wp-json\/wp\/v2\/media\/11424"}],"wp:attachment":[{"href":"https:\/\/www.mrmotors.fi\/fi\/wp-json\/wp\/v2\/media?parent=3699"}],"wp:term":[{"taxonomy":"product_cat","embeddable":true,"href":"https:\/\/www.mrmotors.fi\/fi\/wp-json\/wp\/v2\/product_cat?post=3699"},{"taxonomy":"product_tag","embeddable":true,"href":"https:\/\/www.mrmotors.fi\/fi\/wp-json\/wp\/v2\/product_tag?post=3699"}],"curies":[{"name":"wp","href":"https:\/\/api.w.org\/{rel}","templated":true}]}}