{"id":3697,"date":"2017-03-29T16:40:49","date_gmt":"2017-03-29T13:40:49","guid":{"rendered":"https:\/\/www.mrmotors.fi\/product\/terhi-440-2\/"},"modified":"2025-06-24T11:01:31","modified_gmt":"2025-06-24T08:01:31","slug":"terhi-440-2","status":"publish","type":"product","link":"https:\/\/www.mrmotors.fi\/fi\/tuote\/terhi-440-2\/","title":{"rendered":"Terhi 440"},"content":{"rendered":"<p>Reilusti mitoitettu, per\u00e4moottorilla varustettava soutuvene. Leve\u00e4n runkonsa ansiosta Terhi 440 on poikkeuksellisen vakaa ja kantavuudeltaan luokkansa huippua. Yhteysveneen\u00e4 se kuljettaa isommankin kuorman turvallisesti m\u00f6kille ja takaisin. Kalastusk\u00e4yt\u00f6ss\u00e4 vene ei keiku verkkoja laskettaessa eik\u00e4 kalasaalista yl\u00f6s nostettaessa. Veneess\u00e4 on lukittavat s\u00e4ilytystilat sek\u00e4 keulassa ett\u00e4 per\u00e4ss\u00e4 ja pituussuunnassa s\u00e4\u00e4dett\u00e4v\u00e4, irrotettava keskipenkki.<br \/>\nKysy toimitusaika.<\/p>\n","protected":false},"excerpt":{"rendered":"<p>4,40 m x 1,75m.150kg.Maks 10hv.Takuu 4 vuotta<\/p>\n","protected":false},"featured_media":15769,"template":"","meta":[],"product_cat":[19,21],"product_tag":[],"_links":{"self":[{"href":"https:\/\/www.mrmotors.fi\/fi\/wp-json\/wp\/v2\/product\/3697"}],"collection":[{"href":"https:\/\/www.mrmotors.fi\/fi\/wp-json\/wp\/v2\/product"}],"about":[{"href":"https:\/\/www.mrmotors.fi\/fi\/wp-json\/wp\/v2\/types\/product"}],"wp:featuredmedia":[{"embeddable":true,"href":"https:\/\/www.mrmotors.fi\/fi\/wp-json\/wp\/v2\/media\/15769"}],"wp:attachment":[{"href":"https:\/\/www.mrmotors.fi\/fi\/wp-json\/wp\/v2\/media?parent=3697"}],"wp:term":[{"taxonomy":"product_cat","embeddable":true,"href":"https:\/\/www.mrmotors.fi\/fi\/wp-json\/wp\/v2\/product_cat?post=3697"},{"taxonomy":"product_tag","embeddable":true,"href":"https:\/\/www.mrmotors.fi\/fi\/wp-json\/wp\/v2\/product_tag?post=3697"}],"curies":[{"name":"wp","href":"https:\/\/api.w.org\/{rel}","templated":true}]}}