{"id":3696,"date":"2017-03-29T16:44:33","date_gmt":"2017-03-29T13:44:33","guid":{"rendered":"https:\/\/www.mrmotors.fi\/product\/terhi-400-2\/"},"modified":"2025-06-12T15:45:16","modified_gmt":"2025-06-12T12:45:16","slug":"terhi-400-2","status":"publish","type":"product","link":"https:\/\/www.mrmotors.fi\/fi\/tuote\/terhi-400-2\/","title":{"rendered":"Terhi 400"},"content":{"rendered":"<p>T\u00e4ysosuma m\u00f6kkiveneeksi. Luotettava, helppo ja edullinen Terhi 400 toimii hyvin 5-15 hv:n moottorilla, mutta on kuitenkin my\u00f6s hyvin soudettavissa etu- ja keskipenkilt\u00e4. Turvallisuutta pieness\u00e4 veneess\u00e4 tuovat vakaus, helppok\u00e4ytt\u00f6isyys, hyv\u00e4t ajo-ominaisuudet ja kest\u00e4vyys. Vene on helppo vet\u00e4\u00e4 maihin ja se on t\u00e4ynn\u00e4 nerokkaita s\u00e4ilytystilaratkaisuja. Lukittavat paikat mm airoille, polttoaines\u00e4ili\u00f6lle ja akulle sek\u00e4 avonaiset k\u00f6ysilokerot takakulmissa k\u00f6ysille.<br \/>\nValkoisia l\u00f6ytyy varastossa.<\/p>\n","protected":false},"excerpt":{"rendered":"<p>4,01m x 1,50 m.Paino 120kg.Maks 15 hv.4 vuoden takuu.<\/p>\n","protected":false},"featured_media":11421,"template":"","meta":[],"product_cat":[19,21],"product_tag":[],"_links":{"self":[{"href":"https:\/\/www.mrmotors.fi\/fi\/wp-json\/wp\/v2\/product\/3696"}],"collection":[{"href":"https:\/\/www.mrmotors.fi\/fi\/wp-json\/wp\/v2\/product"}],"about":[{"href":"https:\/\/www.mrmotors.fi\/fi\/wp-json\/wp\/v2\/types\/product"}],"wp:featuredmedia":[{"embeddable":true,"href":"https:\/\/www.mrmotors.fi\/fi\/wp-json\/wp\/v2\/media\/11421"}],"wp:attachment":[{"href":"https:\/\/www.mrmotors.fi\/fi\/wp-json\/wp\/v2\/media?parent=3696"}],"wp:term":[{"taxonomy":"product_cat","embeddable":true,"href":"https:\/\/www.mrmotors.fi\/fi\/wp-json\/wp\/v2\/product_cat?post=3696"},{"taxonomy":"product_tag","embeddable":true,"href":"https:\/\/www.mrmotors.fi\/fi\/wp-json\/wp\/v2\/product_tag?post=3696"}],"curies":[{"name":"wp","href":"https:\/\/api.w.org\/{rel}","templated":true}]}}