{"id":3695,"date":"2017-03-29T16:46:44","date_gmt":"2017-03-29T13:46:44","guid":{"rendered":"https:\/\/www.mrmotors.fi\/product\/terhi-saiman-2\/"},"modified":"2024-04-16T10:51:12","modified_gmt":"2024-04-16T07:51:12","slug":"terhi-saiman-2","status":"publish","type":"product","link":"https:\/\/www.mrmotors.fi\/fi\/tuote\/terhi-saiman-2\/","title":{"rendered":"Terhi Saiman"},"content":{"rendered":"<p>Perinteinen suomalainen soutuvene Terhin tapaan toteutettuna. T\u00e4m\u00e4 avovene liikkuu kevyesti ja sulavasti sek\u00e4 soutaen ett\u00e4 moottorilla, mutta on paljon perinteisi\u00e4 veneit\u00e4 huolettomampi. Saimanin vankka ABS-muovista tehty sandwich-runko kest\u00e4\u00e4 puu- ja lasikuituveneit\u00e4 paremmin kovatkin iskut ja esimerkiksi rantautumisen aiheuttamat kolhut. Saimanissa on paikat kahdelle airoparille sek\u00e4 pienelle per\u00e4moottorille. Vene on varustettu lukittavilla s\u00e4ilytystiloilla ja s\u00e4\u00e4dett\u00e4v\u00e4ll\u00e4 keskipenkill\u00e4.<br \/>\nL\u00f6ytyy varastossa.<\/p>\n","protected":false},"excerpt":{"rendered":"<p>4,78 m x 1,48 m.Paino 105kg.Maks 5hk.4 vuoden takuu.<\/p>\n","protected":false},"featured_media":3683,"template":"","meta":[],"product_cat":[19,21],"product_tag":[],"_links":{"self":[{"href":"https:\/\/www.mrmotors.fi\/fi\/wp-json\/wp\/v2\/product\/3695"}],"collection":[{"href":"https:\/\/www.mrmotors.fi\/fi\/wp-json\/wp\/v2\/product"}],"about":[{"href":"https:\/\/www.mrmotors.fi\/fi\/wp-json\/wp\/v2\/types\/product"}],"wp:featuredmedia":[{"embeddable":true,"href":"https:\/\/www.mrmotors.fi\/fi\/wp-json\/wp\/v2\/media\/3683"}],"wp:attachment":[{"href":"https:\/\/www.mrmotors.fi\/fi\/wp-json\/wp\/v2\/media?parent=3695"}],"wp:term":[{"taxonomy":"product_cat","embeddable":true,"href":"https:\/\/www.mrmotors.fi\/fi\/wp-json\/wp\/v2\/product_cat?post=3695"},{"taxonomy":"product_tag","embeddable":true,"href":"https:\/\/www.mrmotors.fi\/fi\/wp-json\/wp\/v2\/product_tag?post=3695"}],"curies":[{"name":"wp","href":"https:\/\/api.w.org\/{rel}","templated":true}]}}