{"id":3437,"date":"2017-01-13T15:44:23","date_gmt":"2017-01-13T13:44:23","guid":{"rendered":"https:\/\/www.mrmotors.fi\/product\/suzuki-df-30-atl-2\/"},"modified":"2025-02-04T15:32:31","modified_gmt":"2025-02-04T13:32:31","slug":"suzuki-df-30-atl-2","status":"publish","type":"product","link":"https:\/\/www.mrmotors.fi\/fi\/tuote\/suzuki-df-30-atl-2\/","title":{"rendered":"Suzuki DF 30 ATL"},"content":{"rendered":"<p>L\u00f6ytyy varastossa.<\/p>\n","protected":false},"excerpt":{"rendered":"<p>S\u00e4hk\u00f6startti.Kaukos\u00e4\u00e4t\u00f6laite.Trimmi.5 vuoden takuu.<\/p>\n","protected":false},"featured_media":3325,"template":"","meta":[],"product_cat":[68,19],"product_tag":[],"_links":{"self":[{"href":"https:\/\/www.mrmotors.fi\/fi\/wp-json\/wp\/v2\/product\/3437"}],"collection":[{"href":"https:\/\/www.mrmotors.fi\/fi\/wp-json\/wp\/v2\/product"}],"about":[{"href":"https:\/\/www.mrmotors.fi\/fi\/wp-json\/wp\/v2\/types\/product"}],"wp:featuredmedia":[{"embeddable":true,"href":"https:\/\/www.mrmotors.fi\/fi\/wp-json\/wp\/v2\/media\/3325"}],"wp:attachment":[{"href":"https:\/\/www.mrmotors.fi\/fi\/wp-json\/wp\/v2\/media?parent=3437"}],"wp:term":[{"taxonomy":"product_cat","embeddable":true,"href":"https:\/\/www.mrmotors.fi\/fi\/wp-json\/wp\/v2\/product_cat?post=3437"},{"taxonomy":"product_tag","embeddable":true,"href":"https:\/\/www.mrmotors.fi\/fi\/wp-json\/wp\/v2\/product_tag?post=3437"}],"curies":[{"name":"wp","href":"https:\/\/api.w.org\/{rel}","templated":true}]}}