{"id":3433,"date":"2017-01-13T15:59:16","date_gmt":"2017-01-13T13:59:16","guid":{"rendered":"https:\/\/www.mrmotors.fi\/product\/suzuki-df-90-atl-2\/"},"modified":"2025-02-04T15:33:46","modified_gmt":"2025-02-04T13:33:46","slug":"suzuki-df-90-atl-2","status":"publish","type":"product","link":"https:\/\/www.mrmotors.fi\/fi\/tuote\/suzuki-df-90-atl-2\/","title":{"rendered":"Suzuki DF 90 ATL"},"content":{"rendered":"<p>Erikoihinta<\/p>\n<p>Suositushinta 2025 12290.-<\/p>\n<p>Sivukaukos\u00e4\u00e4t\u00f6laite + mittarit + alumiinipotkuri sis hintaan.<\/p>\n<p>Lis\u00e4hintaan my\u00f6s asennus.<\/p>\n","protected":false},"excerpt":{"rendered":"<p>5 vuoden takuu.<\/p>\n","protected":false},"featured_media":4349,"template":"","meta":[],"product_cat":[68,19],"product_tag":[],"_links":{"self":[{"href":"https:\/\/www.mrmotors.fi\/fi\/wp-json\/wp\/v2\/product\/3433"}],"collection":[{"href":"https:\/\/www.mrmotors.fi\/fi\/wp-json\/wp\/v2\/product"}],"about":[{"href":"https:\/\/www.mrmotors.fi\/fi\/wp-json\/wp\/v2\/types\/product"}],"wp:featuredmedia":[{"embeddable":true,"href":"https:\/\/www.mrmotors.fi\/fi\/wp-json\/wp\/v2\/media\/4349"}],"wp:attachment":[{"href":"https:\/\/www.mrmotors.fi\/fi\/wp-json\/wp\/v2\/media?parent=3433"}],"wp:term":[{"taxonomy":"product_cat","embeddable":true,"href":"https:\/\/www.mrmotors.fi\/fi\/wp-json\/wp\/v2\/product_cat?post=3433"},{"taxonomy":"product_tag","embeddable":true,"href":"https:\/\/www.mrmotors.fi\/fi\/wp-json\/wp\/v2\/product_tag?post=3433"}],"curies":[{"name":"wp","href":"https:\/\/api.w.org\/{rel}","templated":true}]}}