{"id":3427,"date":"2017-01-13T16:10:44","date_gmt":"2017-01-13T14:10:44","guid":{"rendered":"https:\/\/www.mrmotors.fi\/product\/mercury-f-30-elpt-efi-2\/"},"modified":"2025-12-01T15:36:12","modified_gmt":"2025-12-01T13:36:12","slug":"mercury-f-30-elpt-efi-2","status":"publish","type":"product","link":"https:\/\/www.mrmotors.fi\/fi\/tuote\/mercury-f-30-elpt-efi-2\/","title":{"rendered":"Mercury F 30 ELPT EFI"},"content":{"rendered":"<p>Pitk\u00e4 sek\u00e4 lyhyt rikisi\u00e4 trimmill\u00e4<br \/>\nl\u00f6ytyy varastossa.<br \/>\nVaihto \/ Asennus.<\/p>\n","protected":false},"excerpt":{"rendered":"<p>Kaukos\u00e4\u00e4t\u00f6laite.Trimmi.5 vuoden takuu.<\/p>\n","protected":false},"featured_media":15043,"template":"","meta":[],"product_cat":[68,19],"product_tag":[],"_links":{"self":[{"href":"https:\/\/www.mrmotors.fi\/fi\/wp-json\/wp\/v2\/product\/3427"}],"collection":[{"href":"https:\/\/www.mrmotors.fi\/fi\/wp-json\/wp\/v2\/product"}],"about":[{"href":"https:\/\/www.mrmotors.fi\/fi\/wp-json\/wp\/v2\/types\/product"}],"wp:featuredmedia":[{"embeddable":true,"href":"https:\/\/www.mrmotors.fi\/fi\/wp-json\/wp\/v2\/media\/15043"}],"wp:attachment":[{"href":"https:\/\/www.mrmotors.fi\/fi\/wp-json\/wp\/v2\/media?parent=3427"}],"wp:term":[{"taxonomy":"product_cat","embeddable":true,"href":"https:\/\/www.mrmotors.fi\/fi\/wp-json\/wp\/v2\/product_cat?post=3427"},{"taxonomy":"product_tag","embeddable":true,"href":"https:\/\/www.mrmotors.fi\/fi\/wp-json\/wp\/v2\/product_tag?post=3427"}],"curies":[{"name":"wp","href":"https:\/\/api.w.org\/{rel}","templated":true}]}}