{"id":3369,"date":"2017-01-13T11:27:16","date_gmt":"2017-01-13T09:27:16","guid":{"rendered":"https:\/\/www.mrmotors.fi\/product\/honda-bf-30-lrtu-2\/"},"modified":"2025-11-18T13:47:06","modified_gmt":"2025-11-18T11:47:06","slug":"honda-bf-30-lrtu-2","status":"publish","type":"product","link":"https:\/\/www.mrmotors.fi\/fi\/tuote\/honda-bf-30-lrtu-2\/","title":{"rendered":"Honda BF 30 LRTU"},"content":{"rendered":"<p>S\u00e4hk\u00f6startti.Trimmi.Kaukos\u00e4\u00e4t\u00f6laite.<br \/>\nKysy tarjous.<\/p>\n","protected":false},"excerpt":{"rendered":"<p>5 vuoden takuu.<\/p>\n","protected":false},"featured_media":3291,"template":"","meta":[],"product_cat":[68,19],"product_tag":[],"_links":{"self":[{"href":"https:\/\/www.mrmotors.fi\/fi\/wp-json\/wp\/v2\/product\/3369"}],"collection":[{"href":"https:\/\/www.mrmotors.fi\/fi\/wp-json\/wp\/v2\/product"}],"about":[{"href":"https:\/\/www.mrmotors.fi\/fi\/wp-json\/wp\/v2\/types\/product"}],"wp:featuredmedia":[{"embeddable":true,"href":"https:\/\/www.mrmotors.fi\/fi\/wp-json\/wp\/v2\/media\/3291"}],"wp:attachment":[{"href":"https:\/\/www.mrmotors.fi\/fi\/wp-json\/wp\/v2\/media?parent=3369"}],"wp:term":[{"taxonomy":"product_cat","embeddable":true,"href":"https:\/\/www.mrmotors.fi\/fi\/wp-json\/wp\/v2\/product_cat?post=3369"},{"taxonomy":"product_tag","embeddable":true,"href":"https:\/\/www.mrmotors.fi\/fi\/wp-json\/wp\/v2\/product_tag?post=3369"}],"curies":[{"name":"wp","href":"https:\/\/api.w.org\/{rel}","templated":true}]}}