{"id":3368,"date":"2017-01-13T11:28:54","date_gmt":"2017-01-13T09:28:54","guid":{"rendered":"https:\/\/www.mrmotors.fi\/product\/honda-bf-20-lrtu-2\/"},"modified":"2025-02-04T15:30:39","modified_gmt":"2025-02-04T13:30:39","slug":"honda-bf-20-lrtu-2","status":"publish","type":"product","link":"https:\/\/www.mrmotors.fi\/fi\/tuote\/honda-bf-20-lrtu-2\/","title":{"rendered":"Honda BF 20 LRTU"},"content":{"rendered":"<p>L\u00f6ytyy varastossa.<br \/>\nS\u00e4hk\u00f6startti.Kaukos\u00e4\u00e4t\u00f6laite.S\u00e4hk\u00f6kippi.<br \/>\nPitk\u00e4 riki.<\/p>\n","protected":false},"excerpt":{"rendered":"<p>S\u00e4hk\u00f6startti.Kaukos\u00e4\u00e4t\u00f6laite.S\u00e4hk\u00f6kippi.Pitk\u00e4 riki.5 vuoden takuu.<\/p>\n","protected":false},"featured_media":3289,"template":"","meta":[],"product_cat":[68,19],"product_tag":[],"_links":{"self":[{"href":"https:\/\/www.mrmotors.fi\/fi\/wp-json\/wp\/v2\/product\/3368"}],"collection":[{"href":"https:\/\/www.mrmotors.fi\/fi\/wp-json\/wp\/v2\/product"}],"about":[{"href":"https:\/\/www.mrmotors.fi\/fi\/wp-json\/wp\/v2\/types\/product"}],"wp:featuredmedia":[{"embeddable":true,"href":"https:\/\/www.mrmotors.fi\/fi\/wp-json\/wp\/v2\/media\/3289"}],"wp:attachment":[{"href":"https:\/\/www.mrmotors.fi\/fi\/wp-json\/wp\/v2\/media?parent=3368"}],"wp:term":[{"taxonomy":"product_cat","embeddable":true,"href":"https:\/\/www.mrmotors.fi\/fi\/wp-json\/wp\/v2\/product_cat?post=3368"},{"taxonomy":"product_tag","embeddable":true,"href":"https:\/\/www.mrmotors.fi\/fi\/wp-json\/wp\/v2\/product_tag?post=3368"}],"curies":[{"name":"wp","href":"https:\/\/api.w.org\/{rel}","templated":true}]}}