{"id":3367,"date":"2017-01-13T11:30:34","date_gmt":"2017-01-13T09:30:34","guid":{"rendered":"https:\/\/www.mrmotors.fi\/product\/honda-bf-20-srtu-2\/"},"modified":"2025-11-18T13:45:10","modified_gmt":"2025-11-18T11:45:10","slug":"honda-bf-20-srtu-2","status":"publish","type":"product","link":"https:\/\/www.mrmotors.fi\/fi\/tuote\/honda-bf-20-srtu-2\/","title":{"rendered":"Honda BF 20 SRTU"},"content":{"rendered":"<p>L\u00f6ytyy varastossa.<br \/>\nLyhyt riki.<br \/>\nS\u00e4hk\u00f6startti.Kaukos\u00e4\u00e4t\u00f6laite.S\u00e4hk\u00f6kippi.<br \/>\nKysy tarjous.<\/p>\n","protected":false},"excerpt":{"rendered":"<p>S\u00e4hk\u00f6startti.Kaukos\u00e4\u00e4t\u00f6laite.S\u00e4hk\u00f6kippi.5 vuoden takuu.<\/p>\n","protected":false},"featured_media":3287,"template":"","meta":[],"product_cat":[68,19],"product_tag":[],"_links":{"self":[{"href":"https:\/\/www.mrmotors.fi\/fi\/wp-json\/wp\/v2\/product\/3367"}],"collection":[{"href":"https:\/\/www.mrmotors.fi\/fi\/wp-json\/wp\/v2\/product"}],"about":[{"href":"https:\/\/www.mrmotors.fi\/fi\/wp-json\/wp\/v2\/types\/product"}],"wp:featuredmedia":[{"embeddable":true,"href":"https:\/\/www.mrmotors.fi\/fi\/wp-json\/wp\/v2\/media\/3287"}],"wp:attachment":[{"href":"https:\/\/www.mrmotors.fi\/fi\/wp-json\/wp\/v2\/media?parent=3367"}],"wp:term":[{"taxonomy":"product_cat","embeddable":true,"href":"https:\/\/www.mrmotors.fi\/fi\/wp-json\/wp\/v2\/product_cat?post=3367"},{"taxonomy":"product_tag","embeddable":true,"href":"https:\/\/www.mrmotors.fi\/fi\/wp-json\/wp\/v2\/product_tag?post=3367"}],"curies":[{"name":"wp","href":"https:\/\/api.w.org\/{rel}","templated":true}]}}