{"id":3359,"date":"2017-01-13T12:03:30","date_gmt":"2017-01-13T10:03:30","guid":{"rendered":"https:\/\/www.mrmotors.fi\/product\/honda-bf-20-shgu-2\/"},"modified":"2025-11-18T13:43:38","modified_gmt":"2025-11-18T11:43:38","slug":"honda-bf-20-shgu-2","status":"publish","type":"product","link":"https:\/\/www.mrmotors.fi\/fi\/tuote\/honda-bf-20-shgu-2\/","title":{"rendered":"Honda BF 20 SHTU"},"content":{"rendered":"<p>Honda 20.Lyhyt riki.<\/p>\n<p>Ohjauskahva.S\u00e4hk\u00f6startti.S\u00e4hk\u00f6nosto.<\/p>\n<p>L\u00f6ytyy varastossa.<br \/>\nKysy tarjous.<\/p>\n","protected":false},"excerpt":{"rendered":"<p>S\u00e4hk\u00f6startti.Kaasukippi.Lyhyt riki.5 vuoden takuu.<\/p>\n","protected":false},"featured_media":3273,"template":"","meta":[],"product_cat":[68,19],"product_tag":[],"_links":{"self":[{"href":"https:\/\/www.mrmotors.fi\/fi\/wp-json\/wp\/v2\/product\/3359"}],"collection":[{"href":"https:\/\/www.mrmotors.fi\/fi\/wp-json\/wp\/v2\/product"}],"about":[{"href":"https:\/\/www.mrmotors.fi\/fi\/wp-json\/wp\/v2\/types\/product"}],"wp:featuredmedia":[{"embeddable":true,"href":"https:\/\/www.mrmotors.fi\/fi\/wp-json\/wp\/v2\/media\/3273"}],"wp:attachment":[{"href":"https:\/\/www.mrmotors.fi\/fi\/wp-json\/wp\/v2\/media?parent=3359"}],"wp:term":[{"taxonomy":"product_cat","embeddable":true,"href":"https:\/\/www.mrmotors.fi\/fi\/wp-json\/wp\/v2\/product_cat?post=3359"},{"taxonomy":"product_tag","embeddable":true,"href":"https:\/\/www.mrmotors.fi\/fi\/wp-json\/wp\/v2\/product_tag?post=3359"}],"curies":[{"name":"wp","href":"https:\/\/api.w.org\/{rel}","templated":true}]}}