{"id":3358,"date":"2017-01-13T12:05:29","date_gmt":"2017-01-13T10:05:29","guid":{"rendered":"https:\/\/www.mrmotors.fi\/product\/honda-bf-20-lhgu-2\/"},"modified":"2025-02-04T15:31:33","modified_gmt":"2025-02-04T13:31:33","slug":"honda-bf-20-lhgu-2","status":"publish","type":"product","link":"https:\/\/www.mrmotors.fi\/fi\/tuote\/honda-bf-20-lhgu-2\/","title":{"rendered":"Honda BF 20 LHTU"},"content":{"rendered":"<p> L\u00f6ytyy varastossa.<\/p>\n","protected":false},"excerpt":{"rendered":"<p>S\u00e4hk\u00f6startti.Kaasukippi.Pitk\u00e4 riki.5 vuoden takuu<\/p>\n","protected":false},"featured_media":3273,"template":"","meta":[],"product_cat":[68,19],"product_tag":[],"_links":{"self":[{"href":"https:\/\/www.mrmotors.fi\/fi\/wp-json\/wp\/v2\/product\/3358"}],"collection":[{"href":"https:\/\/www.mrmotors.fi\/fi\/wp-json\/wp\/v2\/product"}],"about":[{"href":"https:\/\/www.mrmotors.fi\/fi\/wp-json\/wp\/v2\/types\/product"}],"wp:featuredmedia":[{"embeddable":true,"href":"https:\/\/www.mrmotors.fi\/fi\/wp-json\/wp\/v2\/media\/3273"}],"wp:attachment":[{"href":"https:\/\/www.mrmotors.fi\/fi\/wp-json\/wp\/v2\/media?parent=3358"}],"wp:term":[{"taxonomy":"product_cat","embeddable":true,"href":"https:\/\/www.mrmotors.fi\/fi\/wp-json\/wp\/v2\/product_cat?post=3358"},{"taxonomy":"product_tag","embeddable":true,"href":"https:\/\/www.mrmotors.fi\/fi\/wp-json\/wp\/v2\/product_tag?post=3358"}],"curies":[{"name":"wp","href":"https:\/\/api.w.org\/{rel}","templated":true}]}}