{"id":2904,"date":"2016-09-02T12:53:45","date_gmt":"2016-09-02T09:53:45","guid":{"rendered":"https:\/\/www.mrmotors.fi\/product\/mr-bommen-jatkettava-tiepuomi-4-6-metria\/"},"modified":"2016-09-02T12:53:45","modified_gmt":"2016-09-02T09:53:45","slug":"mr-bommen-jatkettava-tiepuomi-4-6-metria","status":"publish","type":"product","link":"https:\/\/www.mrmotors.fi\/fi\/tuote\/mr-bommen-jatkettava-tiepuomi-4-6-metria\/","title":{"rendered":"MR Bommen.Jatkettava tiepuomi 4-6 metri\u00e4."},"content":{"rendered":"","protected":false},"excerpt":{"rendered":"<p>Jatkettava tiepuomi 4-6 metri\u00e4.Suomalainen laatu!Tukeva:101,6\/88,9\/76,1\/60,3mm:n kuunasinkitty putkirakenne.<\/p>\n<p>Avautuu molempiin suuntiin 180*.Mahdollisuus varustaa lukolla.K\u00e4ytt\u00f6pituus s\u00e4\u00e4dett\u00e4v\u00e4.Puomissa heijastava raidoitus.<\/p>\n<p>Pystytys vakiokokoisilla betonijalustoilla tai pikalleen valamalla.<\/p>\n<p>Saatavissa avoinna oleva puomin tukiteline lis\u00e4hintaan.<\/p>\n","protected":false},"featured_media":2899,"template":"","meta":[],"product_cat":[37,19],"product_tag":[],"_links":{"self":[{"href":"https:\/\/www.mrmotors.fi\/fi\/wp-json\/wp\/v2\/product\/2904"}],"collection":[{"href":"https:\/\/www.mrmotors.fi\/fi\/wp-json\/wp\/v2\/product"}],"about":[{"href":"https:\/\/www.mrmotors.fi\/fi\/wp-json\/wp\/v2\/types\/product"}],"wp:featuredmedia":[{"embeddable":true,"href":"https:\/\/www.mrmotors.fi\/fi\/wp-json\/wp\/v2\/media\/2899"}],"wp:attachment":[{"href":"https:\/\/www.mrmotors.fi\/fi\/wp-json\/wp\/v2\/media?parent=2904"}],"wp:term":[{"taxonomy":"product_cat","embeddable":true,"href":"https:\/\/www.mrmotors.fi\/fi\/wp-json\/wp\/v2\/product_cat?post=2904"},{"taxonomy":"product_tag","embeddable":true,"href":"https:\/\/www.mrmotors.fi\/fi\/wp-json\/wp\/v2\/product_tag?post=2904"}],"curies":[{"name":"wp","href":"https:\/\/api.w.org\/{rel}","templated":true}]}}