{"id":18788,"date":"2026-05-11T16:10:58","date_gmt":"2026-05-11T13:10:58","guid":{"rendered":"https:\/\/www.mrmotors.fi\/produkt\/terhi-400-cc\/"},"modified":"2026-05-11T16:10:58","modified_gmt":"2026-05-11T13:10:58","slug":"terhi-400-cc","status":"publish","type":"product","link":"https:\/\/www.mrmotors.fi\/fi\/tuote\/terhi-400-cc\/","title":{"rendered":"Terhi 400 CC"},"content":{"rendered":"<p>UUTUUS 2026!<br \/>\nSopiva moottori 15-20 Hv.<\/p>\n<p>Terhi 400 CC on ketter\u00e4 ja vakaa avovene, jossa on k\u00e4yt\u00e4nn\u00f6llinen keskipulpetti. Veneen keskilinjalle sijoitettu pulpetti parantaa ajotuntumaa ja tekee kulusta tasapainoista my\u00f6s yksin ajettaessa. Ratkaisu helpottaa lis\u00e4ksi liikkumista veneess\u00e4, sill\u00e4 kulkuv\u00e4yl\u00e4t j\u00e4\u00e4v\u00e4t avoimiksi molemmille puolille.<\/p>\n<p>Vene kulkee iloisesti enint\u00e4\u00e4n 20 hevosvoiman per\u00e4moottorilla, mik\u00e4 pit\u00e4\u00e4 k\u00e4yt\u00f6n vaivattomana. Tehorajan ansiosta venett\u00e4 ei tarvitse rekister\u00f6id\u00e4, mik\u00e4 madaltaa omistamisen kynnyst\u00e4 ja tekee mallista helpon vaihtoehdon niin uusille kuin kokeneemmillekin veneilij\u00f6ille. Terhi 400 CC on suunniteltu etenkin j\u00e4rville ja rauhaisille rannikkovesille, ja soveltuu niin m\u00f6kin yleisveneeksi, vaihteleviin kuljetustarpeisiin kuin perheen nuorempien kalastusk\u00e4ytt\u00f6\u00f6n.<\/p>\n","protected":false},"excerpt":{"rendered":"<p>UUTUUS 2026! Sopiva moottori 15-20 Hv. Terhi 400 CC on ketter\u00e4 ja vakaa avovene, jossa on k\u00e4yt\u00e4nn\u00f6llinen keskipulpetti. Veneen keskilinjalle sijoitettu pulpetti parantaa ajotuntumaa ja tekee kulusta tasapainoista my\u00f6s yksin ajettaessa. Ratkaisu helpottaa lis\u00e4ksi liikkumista veneess\u00e4, sill\u00e4 kulkuv\u00e4yl\u00e4t j\u00e4\u00e4v\u00e4t avoimiksi molemmille puolille. Vene kulkee iloisesti enint\u00e4\u00e4n 20 hevosvoiman per\u00e4moottorilla, mik\u00e4 pit\u00e4\u00e4 k\u00e4yt\u00f6n vaivattomana. Tehorajan ansiosta [&hellip;]<\/p>\n","protected":false},"featured_media":18785,"template":"","meta":[],"product_cat":[19,21],"product_tag":[],"_links":{"self":[{"href":"https:\/\/www.mrmotors.fi\/fi\/wp-json\/wp\/v2\/product\/18788"}],"collection":[{"href":"https:\/\/www.mrmotors.fi\/fi\/wp-json\/wp\/v2\/product"}],"about":[{"href":"https:\/\/www.mrmotors.fi\/fi\/wp-json\/wp\/v2\/types\/product"}],"wp:featuredmedia":[{"embeddable":true,"href":"https:\/\/www.mrmotors.fi\/fi\/wp-json\/wp\/v2\/media\/18785"}],"wp:attachment":[{"href":"https:\/\/www.mrmotors.fi\/fi\/wp-json\/wp\/v2\/media?parent=18788"}],"wp:term":[{"taxonomy":"product_cat","embeddable":true,"href":"https:\/\/www.mrmotors.fi\/fi\/wp-json\/wp\/v2\/product_cat?post=18788"},{"taxonomy":"product_tag","embeddable":true,"href":"https:\/\/www.mrmotors.fi\/fi\/wp-json\/wp\/v2\/product_tag?post=18788"}],"curies":[{"name":"wp","href":"https:\/\/api.w.org\/{rel}","templated":true}]}}