{"id":18767,"date":"2026-05-08T12:51:59","date_gmt":"2026-05-08T09:51:59","guid":{"rendered":"https:\/\/www.mrmotors.fi\/produkt\/linder-445-basic-honda-20\/"},"modified":"2026-05-08T12:51:59","modified_gmt":"2026-05-08T09:51:59","slug":"linder-445-basic-honda-20","status":"publish","type":"product","link":"https:\/\/www.mrmotors.fi\/fi\/tuote\/linder-445-basic-honda-20\/","title":{"rendered":"Linder 445 Basic + Honda 20"},"content":{"rendered":"<p>Linder 445 Basic -2018<br \/>\nHonda BF20 LHGU<\nS\u00e4hk\u00f6startti.\nKaasukevennys kippi.\nOstettu uutena 10.7.2020\nJakohihna vaihdettu 2024.\nHuollettu.\nKaikuluotain.\nTilava hyv\u00e4kuntoinen alumiinivene paketti.\n\n<\/p>\n","protected":false},"excerpt":{"rendered":"<p>Linder 445 Basic -2018 Honda BF20 LHGU< S\u00e4hk\u00f6startti. Kaasukevennys kippi. Ostettu uutena 10.7.2020 Jakohihna vaihdettu 2024. Huollettu. Kaikuluotain. Tilava hyv\u00e4kuntoinen alumiinivene paketti.\n<\/p>\n","protected":false},"featured_media":18758,"template":"","meta":[],"product_cat":[17,32],"product_tag":[],"_links":{"self":[{"href":"https:\/\/www.mrmotors.fi\/fi\/wp-json\/wp\/v2\/product\/18767"}],"collection":[{"href":"https:\/\/www.mrmotors.fi\/fi\/wp-json\/wp\/v2\/product"}],"about":[{"href":"https:\/\/www.mrmotors.fi\/fi\/wp-json\/wp\/v2\/types\/product"}],"wp:featuredmedia":[{"embeddable":true,"href":"https:\/\/www.mrmotors.fi\/fi\/wp-json\/wp\/v2\/media\/18758"}],"wp:attachment":[{"href":"https:\/\/www.mrmotors.fi\/fi\/wp-json\/wp\/v2\/media?parent=18767"}],"wp:term":[{"taxonomy":"product_cat","embeddable":true,"href":"https:\/\/www.mrmotors.fi\/fi\/wp-json\/wp\/v2\/product_cat?post=18767"},{"taxonomy":"product_tag","embeddable":true,"href":"https:\/\/www.mrmotors.fi\/fi\/wp-json\/wp\/v2\/product_tag?post=18767"}],"curies":[{"name":"wp","href":"https:\/\/api.w.org\/{rel}","templated":true}]}}