{"id":18729,"date":"2026-05-05T12:28:14","date_gmt":"2026-05-05T09:28:14","guid":{"rendered":"https:\/\/www.mrmotors.fi\/produkt\/saadettava-venetelakan-osio\/"},"modified":"2026-05-05T12:28:14","modified_gmt":"2026-05-05T09:28:14","slug":"saadettava-venetelakan-osio","status":"publish","type":"product","link":"https:\/\/www.mrmotors.fi\/fi\/tuote\/saadettava-venetelakan-osio\/","title":{"rendered":"S\u00e4\u00e4dett\u00e4v\u00e4 venetelakan osio"},"content":{"rendered":"<p>S\u00e4\u00e4dett\u00e4v\u00e4 venetelakan osio 2,5 m<br \/>\n262,00 \u20ac<\/p>\n<p>Antaa veneelle tasaisen ja sujuvan liukupinnan veneen noston ja vesillelaskun yhteydess\u00e4. Leveytt\u00e4 voidaan s\u00e4\u00e4t\u00e4\u00e4 55\u201385 cm:n v\u00e4lill\u00e4, mik\u00e4 tekee siit\u00e4 joustavan ratkaisun erilaisille venetyypeille. Valmistettu kest\u00e4v\u00e4st\u00e4 HDPE-muovista.<\/p>\n","protected":false},"excerpt":{"rendered":"<p>S\u00e4\u00e4dett\u00e4v\u00e4 venetelakan osio 2,5 m 262,00 \u20ac Antaa veneelle tasaisen ja sujuvan liukupinnan veneen noston ja vesillelaskun yhteydess\u00e4. Leveytt\u00e4 voidaan s\u00e4\u00e4t\u00e4\u00e4 55\u201385 cm:n v\u00e4lill\u00e4, mik\u00e4 tekee siit\u00e4 joustavan ratkaisun erilaisille venetyypeille. Valmistettu kest\u00e4v\u00e4st\u00e4 HDPE-muovista.<\/p>\n","protected":false},"featured_media":18728,"template":"","meta":[],"product_cat":[19],"product_tag":[],"_links":{"self":[{"href":"https:\/\/www.mrmotors.fi\/fi\/wp-json\/wp\/v2\/product\/18729"}],"collection":[{"href":"https:\/\/www.mrmotors.fi\/fi\/wp-json\/wp\/v2\/product"}],"about":[{"href":"https:\/\/www.mrmotors.fi\/fi\/wp-json\/wp\/v2\/types\/product"}],"wp:featuredmedia":[{"embeddable":true,"href":"https:\/\/www.mrmotors.fi\/fi\/wp-json\/wp\/v2\/media\/18728"}],"wp:attachment":[{"href":"https:\/\/www.mrmotors.fi\/fi\/wp-json\/wp\/v2\/media?parent=18729"}],"wp:term":[{"taxonomy":"product_cat","embeddable":true,"href":"https:\/\/www.mrmotors.fi\/fi\/wp-json\/wp\/v2\/product_cat?post=18729"},{"taxonomy":"product_tag","embeddable":true,"href":"https:\/\/www.mrmotors.fi\/fi\/wp-json\/wp\/v2\/product_tag?post=18729"}],"curies":[{"name":"wp","href":"https:\/\/api.w.org\/{rel}","templated":true}]}}