{"id":18725,"date":"2026-05-05T12:23:30","date_gmt":"2026-05-05T09:23:30","guid":{"rendered":"https:\/\/www.mrmotors.fi\/produkt\/veneluiska-saadettava\/"},"modified":"2026-05-05T12:23:30","modified_gmt":"2026-05-05T09:23:30","slug":"veneluiska-saadettava","status":"publish","type":"product","link":"https:\/\/www.mrmotors.fi\/fi\/tuote\/veneluiska-saadettava\/","title":{"rendered":"Veneluiska s\u00e4\u00e4dett\u00e4v\u00e4"},"content":{"rendered":"<p>Veneluiska s\u00e4\u00e4dett\u00e4v\u00e4ll\u00e4 leveydell\u00e4<br \/>\n10,50 \u20ac \u2013 314,00 \u20acPrice range: 10,50 \u20ac through 314,00 \u20ac<\/p>\n<p>S\u00e4\u00e4dett\u00e4v\u00e4 HDPE-veneluiska, jota voidaan muokata sek\u00e4 leveyden ett\u00e4 pituuden osalta sopimaan erilaisille venetyypeille ja runkomuodoille. Veneluiska soveltuu enint\u00e4\u00e4n 500 kg painaville veneille.<\/p>\n","protected":false},"excerpt":{"rendered":"<p>Veneluiska s\u00e4\u00e4dett\u00e4v\u00e4ll\u00e4 leveydell\u00e4 10,50 \u20ac \u2013 314,00 \u20acPrice range: 10,50 \u20ac through 314,00 \u20ac S\u00e4\u00e4dett\u00e4v\u00e4 HDPE-veneluiska, jota voidaan muokata sek\u00e4 leveyden ett\u00e4 pituuden osalta sopimaan erilaisille venetyypeille ja runkomuodoille. Veneluiska soveltuu enint\u00e4\u00e4n 500 kg painaville veneille.<\/p>\n","protected":false},"featured_media":18723,"template":"","meta":[],"product_cat":[19],"product_tag":[],"_links":{"self":[{"href":"https:\/\/www.mrmotors.fi\/fi\/wp-json\/wp\/v2\/product\/18725"}],"collection":[{"href":"https:\/\/www.mrmotors.fi\/fi\/wp-json\/wp\/v2\/product"}],"about":[{"href":"https:\/\/www.mrmotors.fi\/fi\/wp-json\/wp\/v2\/types\/product"}],"wp:featuredmedia":[{"embeddable":true,"href":"https:\/\/www.mrmotors.fi\/fi\/wp-json\/wp\/v2\/media\/18723"}],"wp:attachment":[{"href":"https:\/\/www.mrmotors.fi\/fi\/wp-json\/wp\/v2\/media?parent=18725"}],"wp:term":[{"taxonomy":"product_cat","embeddable":true,"href":"https:\/\/www.mrmotors.fi\/fi\/wp-json\/wp\/v2\/product_cat?post=18725"},{"taxonomy":"product_tag","embeddable":true,"href":"https:\/\/www.mrmotors.fi\/fi\/wp-json\/wp\/v2\/product_tag?post=18725"}],"curies":[{"name":"wp","href":"https:\/\/api.w.org\/{rel}","templated":true}]}}