{"id":18721,"date":"2026-05-05T12:18:46","date_gmt":"2026-05-05T09:18:46","guid":{"rendered":"https:\/\/www.mrmotors.fi\/produkt\/venetelakka-10m\/"},"modified":"2026-05-05T12:18:46","modified_gmt":"2026-05-05T09:18:46","slug":"venetelakka-10m","status":"publish","type":"product","link":"https:\/\/www.mrmotors.fi\/fi\/tuote\/venetelakka-10m\/","title":{"rendered":"Venetelakka 10m"},"content":{"rendered":"<p>Venetelakka 10m<br \/>\n2 648,05 \u20ac \u2013 2 949,25 \u20acPrice range: 2 648,05 \u20ac through 2 949,25 \u20ac<\/p>\n<p>Veneluiska \u2013 Saatavilla kahdessa mallissa<\/p>\n<p>Tee vesillelaskusta ja nostoista helppoa ja vaivatonta! Kest\u00e4v\u00e4, sinkitty veneluiska on suunniteltu pitk\u00e4ik\u00e4iseksi ja helppok\u00e4ytt\u00f6iseksi. Sopii erinomaisesti vapaa-ajan veneille ja vesiskoottereille.<\/p>\n<p>Fully High-Spec malli<\/p>\n<p>T\u00e4ydellinen ratkaisu akulla<\/p>\n<p>Aurinkopaneeli huoltolataukseen<\/p>\n<p>Betonilaatta vakaan kiinnityksen varmistamiseksi<\/p>\n<p>S\u00e4hk\u00f6vinssi helppoon k\u00e4sittelyyn<\/p>\n<p>Perusmalli<\/p>\n<p>Manuaalinen vinssi<\/p>\n<p>2 kpl betonilaattoja vakaan kiinnityksen varmistamiseksi<\/p>\n","protected":false},"excerpt":{"rendered":"<p>Venetelakka 10m 2 648,05 \u20ac \u2013 2 949,25 \u20acPrice range: 2 648,05 \u20ac through 2 949,25 \u20ac Veneluiska \u2013 Saatavilla kahdessa mallissa Tee vesillelaskusta ja nostoista helppoa ja vaivatonta! Kest\u00e4v\u00e4, sinkitty veneluiska on suunniteltu pitk\u00e4ik\u00e4iseksi ja helppok\u00e4ytt\u00f6iseksi. Sopii erinomaisesti vapaa-ajan veneille ja vesiskoottereille. Fully High-Spec malli T\u00e4ydellinen ratkaisu akulla Aurinkopaneeli huoltolataukseen Betonilaatta vakaan kiinnityksen varmistamiseksi [&hellip;]<\/p>\n","protected":false},"featured_media":18719,"template":"","meta":[],"product_cat":[19],"product_tag":[],"_links":{"self":[{"href":"https:\/\/www.mrmotors.fi\/fi\/wp-json\/wp\/v2\/product\/18721"}],"collection":[{"href":"https:\/\/www.mrmotors.fi\/fi\/wp-json\/wp\/v2\/product"}],"about":[{"href":"https:\/\/www.mrmotors.fi\/fi\/wp-json\/wp\/v2\/types\/product"}],"wp:featuredmedia":[{"embeddable":true,"href":"https:\/\/www.mrmotors.fi\/fi\/wp-json\/wp\/v2\/media\/18719"}],"wp:attachment":[{"href":"https:\/\/www.mrmotors.fi\/fi\/wp-json\/wp\/v2\/media?parent=18721"}],"wp:term":[{"taxonomy":"product_cat","embeddable":true,"href":"https:\/\/www.mrmotors.fi\/fi\/wp-json\/wp\/v2\/product_cat?post=18721"},{"taxonomy":"product_tag","embeddable":true,"href":"https:\/\/www.mrmotors.fi\/fi\/wp-json\/wp\/v2\/product_tag?post=18721"}],"curies":[{"name":"wp","href":"https:\/\/api.w.org\/{rel}","templated":true}]}}