{"id":18717,"date":"2026-05-05T12:07:11","date_gmt":"2026-05-05T09:07:11","guid":{"rendered":"https:\/\/www.mrmotors.fi\/produkt\/venetelakka\/"},"modified":"2026-05-05T12:07:11","modified_gmt":"2026-05-05T09:07:11","slug":"venetelakka","status":"publish","type":"product","link":"https:\/\/www.mrmotors.fi\/fi\/tuote\/venetelakka\/","title":{"rendered":"Venetelakka"},"content":{"rendered":"<p>T\u00e4ydellinen venetelakka 5\u201312,5 m s\u00e4\u00e4dett\u00e4v\u00e4ll\u00e4 leveydell\u00e4<br \/>\n897,00 \u20ac \u2013 1 683,00 \u20acPrice range: 897,00 \u20ac through 1 683,00 \u20ac<\/p>\n<p>S\u00e4\u00e4dett\u00e4v\u00e4 HDPE-venetelakka, jonka leveytt\u00e4 ja pituutta voidaan mukauttaa eri venetyypeille ja runkomuodoille sopivaksi. Venetelakka soveltuu enint\u00e4\u00e4n 500 kg painaville veneille.<\/p>\n<p>Mukana:<\/p>\n<p>S\u00e4\u00e4dett\u00e4v\u00e4 venetelakan osio 2,5 m \u2013 M\u00e4\u00e4r\u00e4 riippuu valitusta pituudesta<br \/>\n1 kpl Veneenlaskutelineen vinssitolppa vinssill\u00e4<br \/>\n1 kpl Veneenlaskutelineen nousuosa<br \/>\nRuuvit ja kiinnikkeet<\/p>\n","protected":false},"excerpt":{"rendered":"<p>T\u00e4ydellinen venetelakka 5\u201312,5 m s\u00e4\u00e4dett\u00e4v\u00e4ll\u00e4 leveydell\u00e4 897,00 \u20ac \u2013 1 683,00 \u20acPrice range: 897,00 \u20ac through 1 683,00 \u20ac S\u00e4\u00e4dett\u00e4v\u00e4 HDPE-venetelakka, jonka leveytt\u00e4 ja pituutta voidaan mukauttaa eri venetyypeille ja runkomuodoille sopivaksi. Venetelakka soveltuu enint\u00e4\u00e4n 500 kg painaville veneille. Mukana: S\u00e4\u00e4dett\u00e4v\u00e4 venetelakan osio 2,5 m \u2013 M\u00e4\u00e4r\u00e4 riippuu valitusta pituudesta 1 kpl Veneenlaskutelineen vinssitolppa vinssill\u00e4 [&hellip;]<\/p>\n","protected":false},"featured_media":18715,"template":"","meta":[],"product_cat":[19],"product_tag":[],"_links":{"self":[{"href":"https:\/\/www.mrmotors.fi\/fi\/wp-json\/wp\/v2\/product\/18717"}],"collection":[{"href":"https:\/\/www.mrmotors.fi\/fi\/wp-json\/wp\/v2\/product"}],"about":[{"href":"https:\/\/www.mrmotors.fi\/fi\/wp-json\/wp\/v2\/types\/product"}],"wp:featuredmedia":[{"embeddable":true,"href":"https:\/\/www.mrmotors.fi\/fi\/wp-json\/wp\/v2\/media\/18715"}],"wp:attachment":[{"href":"https:\/\/www.mrmotors.fi\/fi\/wp-json\/wp\/v2\/media?parent=18717"}],"wp:term":[{"taxonomy":"product_cat","embeddable":true,"href":"https:\/\/www.mrmotors.fi\/fi\/wp-json\/wp\/v2\/product_cat?post=18717"},{"taxonomy":"product_tag","embeddable":true,"href":"https:\/\/www.mrmotors.fi\/fi\/wp-json\/wp\/v2\/product_tag?post=18717"}],"curies":[{"name":"wp","href":"https:\/\/api.w.org\/{rel}","templated":true}]}}