{"id":18713,"date":"2026-05-05T09:55:39","date_gmt":"2026-05-05T06:55:39","guid":{"rendered":"https:\/\/www.mrmotors.fi\/produkt\/epropulsion-spirit-1-0-plus-s\/"},"modified":"2026-05-05T09:55:39","modified_gmt":"2026-05-05T06:55:39","slug":"epropulsion-spirit-1-0-plus-s","status":"publish","type":"product","link":"https:\/\/www.mrmotors.fi\/fi\/tuote\/epropulsion-spirit-1-0-plus-s\/","title":{"rendered":"ePropulsion Spirit 1.0 Plus S"},"content":{"rendered":"<p>Moottoriteho 1000 W<br \/>\nAkkukapasiteetti 1276 Wh<br \/>\nAkku on kelluva<br \/>\nEritt\u00e4in helppok\u00e4ytt\u00f6inen moottori aidolla peruutusvaihteella<br \/>\nKevyt, paino akun kanssa 19,3 kg, josta akun osuus 8,7 kg<br \/>\nHiiliharjaton suoravetomoottori<br \/>\nIP67 -vesitiiviys<br \/>\nOhjauskahva taittuu kuljetusta ja ajokulman valintaa varten<br \/>\nAkku irrotettavissa helposti latausta varten<br \/>\nRikipituus lyhyt (S). Saatavilla my\u00f6s pitk\u00e4rikisen\u00e4 (L).<br \/>\nKahvassa oleva digitaalinen n\u00e4ytt\u00f6 kertoo mm. k\u00e4yt\u00f6ss\u00e4 olevan tehon ja akun varaustilanteen<br \/>\nNopea latausaika: vakiolaturilla 0-100 % n. 8,5 tuntia ja pikalaturilla (lis\u00e4varuste) 3,5 tuntia<br \/>\nL\u00e4hes \u00e4\u00e4net\u00f6n, huoltovapaa ja k\u00e4yt\u00f6ss\u00e4 p\u00e4\u00e4st\u00f6t\u00f6n<br \/>\nEritt\u00e4in laadukas moottori 2 vuoden takuulla<\/p>\n","protected":false},"excerpt":{"rendered":"<p>Moottoriteho 1000 W Akkukapasiteetti 1276 Wh Akku on kelluva Eritt\u00e4in helppok\u00e4ytt\u00f6inen moottori aidolla peruutusvaihteella Kevyt, paino akun kanssa 19,3 kg, josta akun osuus 8,7 kg Hiiliharjaton suoravetomoottori IP67 -vesitiiviys Ohjauskahva taittuu kuljetusta ja ajokulman valintaa varten Akku irrotettavissa helposti latausta varten Rikipituus lyhyt (S). Saatavilla my\u00f6s pitk\u00e4rikisen\u00e4 (L). Kahvassa oleva digitaalinen n\u00e4ytt\u00f6 kertoo mm. k\u00e4yt\u00f6ss\u00e4 [&hellip;]<\/p>\n","protected":false},"featured_media":18705,"template":"","meta":[],"product_cat":[68,19],"product_tag":[],"_links":{"self":[{"href":"https:\/\/www.mrmotors.fi\/fi\/wp-json\/wp\/v2\/product\/18713"}],"collection":[{"href":"https:\/\/www.mrmotors.fi\/fi\/wp-json\/wp\/v2\/product"}],"about":[{"href":"https:\/\/www.mrmotors.fi\/fi\/wp-json\/wp\/v2\/types\/product"}],"wp:featuredmedia":[{"embeddable":true,"href":"https:\/\/www.mrmotors.fi\/fi\/wp-json\/wp\/v2\/media\/18705"}],"wp:attachment":[{"href":"https:\/\/www.mrmotors.fi\/fi\/wp-json\/wp\/v2\/media?parent=18713"}],"wp:term":[{"taxonomy":"product_cat","embeddable":true,"href":"https:\/\/www.mrmotors.fi\/fi\/wp-json\/wp\/v2\/product_cat?post=18713"},{"taxonomy":"product_tag","embeddable":true,"href":"https:\/\/www.mrmotors.fi\/fi\/wp-json\/wp\/v2\/product_tag?post=18713"}],"curies":[{"name":"wp","href":"https:\/\/api.w.org\/{rel}","templated":true}]}}