{"id":18712,"date":"2026-05-05T09:25:31","date_gmt":"2026-05-05T06:25:31","guid":{"rendered":"https:\/\/www.mrmotors.fi\/produkt\/e-propultion-elite\/"},"modified":"2026-05-05T09:25:31","modified_gmt":"2026-05-05T06:25:31","slug":"e-propultion-elite","status":"publish","type":"product","link":"https:\/\/www.mrmotors.fi\/fi\/tuote\/e-propultion-elite\/","title":{"rendered":"E Propultion eLite"},"content":{"rendered":"<p>Moottoriteho 500 W<br \/>\nAkkukapasiteetti 378 Wh<\nKevyt, paino akun kanssa 7,9 kg, ilman kiinnitysrunkoa 6,7 kg\nHiiliharjaton suoravetomoottori\nIP67 vesitiiviys\nSport Mode -tehonlis\u00e4ystoiminto tuottaa lyhyeen tarpeeseen 750 W tehon\nMatalanveden ajoasento\nOhjauskahva taittuu ja lukittuu kantokahvaksi\nIrrotettava asennusrunko, jonka voi j\u00e4tt\u00e4\u00e4 kiinni veneeseen\nRikipituus lyhyt (S). Rikipituutta voi s\u00e4\u00e4t\u00e4\u00e4 v\u00e4lill\u00e4 282,5 mm \u2013 401 mm\nOhjauskahvan toimintasuunta vaihdettavissa\nDigitaalinen n\u00e4ytt\u00f6 kertoo mm. k\u00e4yt\u00f6ss\u00e4 olevan tehon ja akun varaustilan\nUSB-C -liit\u00e4nt\u00e4 elektronisia laitteita varten\nNopea latausaika: vakiolaturilla 0-100 % n. 3 tuntia\nEritt\u00e4in laadukas tuote 2 vuoden takuulla.\n\n<\/p>\n","protected":false},"excerpt":{"rendered":"<p>Moottoriteho 500 W Akkukapasiteetti 378 Wh< Kevyt, paino akun kanssa 7,9 kg, ilman kiinnitysrunkoa 6,7 kg Hiiliharjaton suoravetomoottori IP67 vesitiiviys Sport Mode -tehonlis\u00e4ystoiminto tuottaa lyhyeen tarpeeseen 750 W tehon Matalanveden ajoasento Ohjauskahva taittuu ja lukittuu kantokahvaksi Irrotettava asennusrunko, jonka voi j\u00e4tt\u00e4\u00e4 kiinni veneeseen Rikipituus lyhyt (S). Rikipituutta voi s\u00e4\u00e4t\u00e4\u00e4 v\u00e4lill\u00e4 282,5 mm \u2013 401 mm [&hellip;]\n<\/p>\n","protected":false},"featured_media":18701,"template":"","meta":[],"product_cat":[68,19],"product_tag":[],"_links":{"self":[{"href":"https:\/\/www.mrmotors.fi\/fi\/wp-json\/wp\/v2\/product\/18712"}],"collection":[{"href":"https:\/\/www.mrmotors.fi\/fi\/wp-json\/wp\/v2\/product"}],"about":[{"href":"https:\/\/www.mrmotors.fi\/fi\/wp-json\/wp\/v2\/types\/product"}],"wp:featuredmedia":[{"embeddable":true,"href":"https:\/\/www.mrmotors.fi\/fi\/wp-json\/wp\/v2\/media\/18701"}],"wp:attachment":[{"href":"https:\/\/www.mrmotors.fi\/fi\/wp-json\/wp\/v2\/media?parent=18712"}],"wp:term":[{"taxonomy":"product_cat","embeddable":true,"href":"https:\/\/www.mrmotors.fi\/fi\/wp-json\/wp\/v2\/product_cat?post=18712"},{"taxonomy":"product_tag","embeddable":true,"href":"https:\/\/www.mrmotors.fi\/fi\/wp-json\/wp\/v2\/product_tag?post=18712"}],"curies":[{"name":"wp","href":"https:\/\/api.w.org\/{rel}","templated":true}]}}