{"id":18626,"date":"2026-04-23T15:07:39","date_gmt":"2026-04-23T12:07:39","guid":{"rendered":"https:\/\/www.mrmotors.fi\/produkt\/jonsered-lt2216\/"},"modified":"2026-04-23T15:07:39","modified_gmt":"2026-04-23T12:07:39","slug":"jonsered-lt2216","status":"publish","type":"product","link":"https:\/\/www.mrmotors.fi\/fi\/tuote\/jonsered-lt2216\/","title":{"rendered":"Jonsered LT2216"},"content":{"rendered":"<p>Jonsered LT2216 leikkuri ker\u00e4j\u00e4ll\u00e4.<br \/>\nB&#038;S 16,5 ohv moottori<br \/>\nManuaali vaihteet.<\/p>\n","protected":false},"excerpt":{"rendered":"<p>Jonsered LT2216 leikkuri ker\u00e4j\u00e4ll\u00e4. B&#038;S 16,5 ohv moottori Manuaali vaihteet.<\/p>\n","protected":false},"featured_media":18344,"template":"","meta":[],"product_cat":[17,98],"product_tag":[],"_links":{"self":[{"href":"https:\/\/www.mrmotors.fi\/fi\/wp-json\/wp\/v2\/product\/18626"}],"collection":[{"href":"https:\/\/www.mrmotors.fi\/fi\/wp-json\/wp\/v2\/product"}],"about":[{"href":"https:\/\/www.mrmotors.fi\/fi\/wp-json\/wp\/v2\/types\/product"}],"wp:featuredmedia":[{"embeddable":true,"href":"https:\/\/www.mrmotors.fi\/fi\/wp-json\/wp\/v2\/media\/18344"}],"wp:attachment":[{"href":"https:\/\/www.mrmotors.fi\/fi\/wp-json\/wp\/v2\/media?parent=18626"}],"wp:term":[{"taxonomy":"product_cat","embeddable":true,"href":"https:\/\/www.mrmotors.fi\/fi\/wp-json\/wp\/v2\/product_cat?post=18626"},{"taxonomy":"product_tag","embeddable":true,"href":"https:\/\/www.mrmotors.fi\/fi\/wp-json\/wp\/v2\/product_tag?post=18626"}],"curies":[{"name":"wp","href":"https:\/\/api.w.org\/{rel}","templated":true}]}}