{"id":18624,"date":"2026-04-23T10:58:38","date_gmt":"2026-04-23T07:58:38","guid":{"rendered":"https:\/\/www.mrmotors.fi\/produkt\/ruohonkeraaja-2\/"},"modified":"2026-04-23T10:58:38","modified_gmt":"2026-04-23T07:58:38","slug":"ruohonkeraaja-2","status":"publish","type":"product","link":"https:\/\/www.mrmotors.fi\/fi\/tuote\/ruohonkeraaja-2\/","title":{"rendered":"Ruohonker\u00e4\u00e4j\u00e4"},"content":{"rendered":"<p>Ty\u00f6nett\u00e4v\u00e4 ruohonker\u00e4\u00e4j\u00e4.<br \/>\nLeveys 66cm.<br \/>\nKeruus\u00e4kin tilavuus 198L.<br \/>\nPaino 16,8 kg.<\/p>\n","protected":false},"excerpt":{"rendered":"<p>Ty\u00f6nett\u00e4v\u00e4 ruohonker\u00e4\u00e4j\u00e4. Leveys 66cm. Keruus\u00e4kin tilavuus 198L. Paino 16,8 kg.<\/p>\n","protected":false},"featured_media":18442,"template":"","meta":[],"product_cat":[22,19],"product_tag":[],"_links":{"self":[{"href":"https:\/\/www.mrmotors.fi\/fi\/wp-json\/wp\/v2\/product\/18624"}],"collection":[{"href":"https:\/\/www.mrmotors.fi\/fi\/wp-json\/wp\/v2\/product"}],"about":[{"href":"https:\/\/www.mrmotors.fi\/fi\/wp-json\/wp\/v2\/types\/product"}],"wp:featuredmedia":[{"embeddable":true,"href":"https:\/\/www.mrmotors.fi\/fi\/wp-json\/wp\/v2\/media\/18442"}],"wp:attachment":[{"href":"https:\/\/www.mrmotors.fi\/fi\/wp-json\/wp\/v2\/media?parent=18624"}],"wp:term":[{"taxonomy":"product_cat","embeddable":true,"href":"https:\/\/www.mrmotors.fi\/fi\/wp-json\/wp\/v2\/product_cat?post=18624"},{"taxonomy":"product_tag","embeddable":true,"href":"https:\/\/www.mrmotors.fi\/fi\/wp-json\/wp\/v2\/product_tag?post=18624"}],"curies":[{"name":"wp","href":"https:\/\/api.w.org\/{rel}","templated":true}]}}