{"id":18623,"date":"2026-04-23T11:00:44","date_gmt":"2026-04-23T08:00:44","guid":{"rendered":"https:\/\/www.mrmotors.fi\/produkt\/ruohonkeraaja\/"},"modified":"2026-04-23T11:00:44","modified_gmt":"2026-04-23T08:00:44","slug":"ruohonkeraaja","status":"publish","type":"product","link":"https:\/\/www.mrmotors.fi\/fi\/tuote\/ruohonkeraaja\/","title":{"rendered":"Ruohonker\u00e4\u00e4j\u00e4"},"content":{"rendered":"<p>Ruohonker\u00e4\u00e4j\u00e4.<br \/>\nLeveys 42&#8243; 107cm.<br \/>\nKeruus\u00e4kin tilavuus 365L.<br \/>\nPaino 35kg.<\/p>\n","protected":false},"excerpt":{"rendered":"<p>Ruohonker\u00e4\u00e4j\u00e4. Leveys 42&#8243; 107cm. Keruus\u00e4kin tilavuus 365L. Paino 35kg.<\/p>\n","protected":false},"featured_media":18444,"template":"","meta":[],"product_cat":[22,19],"product_tag":[],"_links":{"self":[{"href":"https:\/\/www.mrmotors.fi\/fi\/wp-json\/wp\/v2\/product\/18623"}],"collection":[{"href":"https:\/\/www.mrmotors.fi\/fi\/wp-json\/wp\/v2\/product"}],"about":[{"href":"https:\/\/www.mrmotors.fi\/fi\/wp-json\/wp\/v2\/types\/product"}],"wp:featuredmedia":[{"embeddable":true,"href":"https:\/\/www.mrmotors.fi\/fi\/wp-json\/wp\/v2\/media\/18444"}],"wp:attachment":[{"href":"https:\/\/www.mrmotors.fi\/fi\/wp-json\/wp\/v2\/media?parent=18623"}],"wp:term":[{"taxonomy":"product_cat","embeddable":true,"href":"https:\/\/www.mrmotors.fi\/fi\/wp-json\/wp\/v2\/product_cat?post=18623"},{"taxonomy":"product_tag","embeddable":true,"href":"https:\/\/www.mrmotors.fi\/fi\/wp-json\/wp\/v2\/product_tag?post=18623"}],"curies":[{"name":"wp","href":"https:\/\/api.w.org\/{rel}","templated":true}]}}