{"id":18622,"date":"2026-04-23T11:04:25","date_gmt":"2026-04-23T08:04:25","guid":{"rendered":"https:\/\/www.mrmotors.fi\/produkt\/ronnqvist-16-johnson-20\/"},"modified":"2026-04-23T11:04:25","modified_gmt":"2026-04-23T08:04:25","slug":"ronnqvist-16-johnson-20","status":"publish","type":"product","link":"https:\/\/www.mrmotors.fi\/fi\/tuote\/ronnqvist-16-johnson-20\/","title":{"rendered":"R\u00f6nnqvist 16 \/ Johnson 20"},"content":{"rendered":"<p>Suosittu venemalli.<br \/>\nR\u00f6nnqvist 16 + Johnson<br \/>\nTodella asiallinen paketti.<br \/>\nK\u00e4sik\u00e4ynnistys.<br \/>\nOhjauskahva.<br \/>\nHuollettu.<\/p>\n","protected":false},"excerpt":{"rendered":"<p>Suosittu venemalli. R\u00f6nnqvist 16 + Johnson Todella asiallinen paketti. K\u00e4sik\u00e4ynnistys. Ohjauskahva. Huollettu.<\/p>\n","protected":false},"featured_media":18593,"template":"","meta":[],"product_cat":[17,32],"product_tag":[],"_links":{"self":[{"href":"https:\/\/www.mrmotors.fi\/fi\/wp-json\/wp\/v2\/product\/18622"}],"collection":[{"href":"https:\/\/www.mrmotors.fi\/fi\/wp-json\/wp\/v2\/product"}],"about":[{"href":"https:\/\/www.mrmotors.fi\/fi\/wp-json\/wp\/v2\/types\/product"}],"wp:featuredmedia":[{"embeddable":true,"href":"https:\/\/www.mrmotors.fi\/fi\/wp-json\/wp\/v2\/media\/18593"}],"wp:attachment":[{"href":"https:\/\/www.mrmotors.fi\/fi\/wp-json\/wp\/v2\/media?parent=18622"}],"wp:term":[{"taxonomy":"product_cat","embeddable":true,"href":"https:\/\/www.mrmotors.fi\/fi\/wp-json\/wp\/v2\/product_cat?post=18622"},{"taxonomy":"product_tag","embeddable":true,"href":"https:\/\/www.mrmotors.fi\/fi\/wp-json\/wp\/v2\/product_tag?post=18622"}],"curies":[{"name":"wp","href":"https:\/\/api.w.org\/{rel}","templated":true}]}}