{"id":18621,"date":"2026-04-23T10:56:26","date_gmt":"2026-04-23T07:56:26","guid":{"rendered":"https:\/\/www.mrmotors.fi\/produkt\/stiga-silex-97-g-niityleikkuri\/"},"modified":"2026-04-23T10:56:26","modified_gmt":"2026-04-23T07:56:26","slug":"stiga-silex-97-g-niityleikkuri","status":"publish","type":"product","link":"https:\/\/www.mrmotors.fi\/fi\/tuote\/stiga-silex-97-g-niityleikkuri\/","title":{"rendered":"Stiga Silex 97 G Niityleikkuri"},"content":{"rendered":"<p>Stiga Silex 97 G<br \/>\nPuutarhaleikkuri bensiinik\u00e4ytt\u00f6isell\u00e4 STIGA-moottorilla,<br \/>\nleikkuuleveys 87 cm ja kaksi takapy\u00f6r\u00e4\u00e4.<br \/>\n123 cc:n 4-tahtinen STIGA-bensiinimoottori<br \/>\n87 cm leikkuuter\u00e4<br \/>\n2 takapy\u00f6r\u00e4\u00e4<\/p>\n","protected":false},"excerpt":{"rendered":"<p>Stiga Silex 97 G Puutarhaleikkuri bensiinik\u00e4ytt\u00f6isell\u00e4 STIGA-moottorilla, leikkuuleveys 87 cm ja kaksi takapy\u00f6r\u00e4\u00e4. 123 cc:n 4-tahtinen STIGA-bensiinimoottori 87 cm leikkuuter\u00e4 2 takapy\u00f6r\u00e4\u00e4<\/p>\n","protected":false},"featured_media":18615,"template":"","meta":[],"product_cat":[22,19],"product_tag":[],"_links":{"self":[{"href":"https:\/\/www.mrmotors.fi\/fi\/wp-json\/wp\/v2\/product\/18621"}],"collection":[{"href":"https:\/\/www.mrmotors.fi\/fi\/wp-json\/wp\/v2\/product"}],"about":[{"href":"https:\/\/www.mrmotors.fi\/fi\/wp-json\/wp\/v2\/types\/product"}],"wp:featuredmedia":[{"embeddable":true,"href":"https:\/\/www.mrmotors.fi\/fi\/wp-json\/wp\/v2\/media\/18615"}],"wp:attachment":[{"href":"https:\/\/www.mrmotors.fi\/fi\/wp-json\/wp\/v2\/media?parent=18621"}],"wp:term":[{"taxonomy":"product_cat","embeddable":true,"href":"https:\/\/www.mrmotors.fi\/fi\/wp-json\/wp\/v2\/product_cat?post=18621"},{"taxonomy":"product_tag","embeddable":true,"href":"https:\/\/www.mrmotors.fi\/fi\/wp-json\/wp\/v2\/product_tag?post=18621"}],"curies":[{"name":"wp","href":"https:\/\/api.w.org\/{rel}","templated":true}]}}