{"id":18576,"date":"2026-04-17T09:20:06","date_gmt":"2026-04-17T06:20:06","guid":{"rendered":"https:\/\/www.mrmotors.fi\/produkt\/yamaha-99-vmax\/"},"modified":"2026-04-17T09:20:06","modified_gmt":"2026-04-17T06:20:06","slug":"yamaha-99-vmax","status":"publish","type":"product","link":"https:\/\/www.mrmotors.fi\/fi\/tuote\/yamaha-99-vmax\/","title":{"rendered":"Yamaha 9,9 VMAX"},"content":{"rendered":"<p>Yamaha 9,9 VMAX<br \/>\nK\u00e4sik\u00e4ynnistys.<br \/>\nLyhyt riki.<br \/>\nOhjauskahva.<br \/>\nKaukos\u00e4\u00e4t\u00f6laite.<br \/>\nTehokas 9,9 moottori.<br \/>\nHuollettu.<\/p>\n","protected":false},"excerpt":{"rendered":"<p>Yamaha 9,9 VMAX K\u00e4sik\u00e4ynnistys. Lyhyt riki. Ohjauskahva. Kaukos\u00e4\u00e4t\u00f6laite. Tehokas 9,9 moottori. Huollettu.<\/p>\n","protected":false},"featured_media":18560,"template":"","meta":[],"product_cat":[17,18],"product_tag":[],"_links":{"self":[{"href":"https:\/\/www.mrmotors.fi\/fi\/wp-json\/wp\/v2\/product\/18576"}],"collection":[{"href":"https:\/\/www.mrmotors.fi\/fi\/wp-json\/wp\/v2\/product"}],"about":[{"href":"https:\/\/www.mrmotors.fi\/fi\/wp-json\/wp\/v2\/types\/product"}],"wp:featuredmedia":[{"embeddable":true,"href":"https:\/\/www.mrmotors.fi\/fi\/wp-json\/wp\/v2\/media\/18560"}],"wp:attachment":[{"href":"https:\/\/www.mrmotors.fi\/fi\/wp-json\/wp\/v2\/media?parent=18576"}],"wp:term":[{"taxonomy":"product_cat","embeddable":true,"href":"https:\/\/www.mrmotors.fi\/fi\/wp-json\/wp\/v2\/product_cat?post=18576"},{"taxonomy":"product_tag","embeddable":true,"href":"https:\/\/www.mrmotors.fi\/fi\/wp-json\/wp\/v2\/product_tag?post=18576"}],"curies":[{"name":"wp","href":"https:\/\/api.w.org\/{rel}","templated":true}]}}