{"id":18530,"date":"2026-04-13T12:54:21","date_gmt":"2026-04-13T09:54:21","guid":{"rendered":"https:\/\/www.mrmotors.fi\/produkt\/stiga-combi-48-s\/"},"modified":"2026-04-13T12:54:21","modified_gmt":"2026-04-13T09:54:21","slug":"stiga-combi-48-s","status":"publish","type":"product","link":"https:\/\/www.mrmotors.fi\/fi\/tuote\/stiga-combi-48-s\/","title":{"rendered":"Stiga Combi 48 S"},"content":{"rendered":"<p>Stiga Combi 48 S<br \/>\nItsevet\u00e4v\u00e4 leikkuri ker\u00e4\u00e4j\u00e4ll\u00e4.<\/p>\n","protected":false},"excerpt":{"rendered":"<p>Stiga Combi 48 S Itsevet\u00e4v\u00e4 leikkuri ker\u00e4\u00e4j\u00e4ll\u00e4.<\/p>\n","protected":false},"featured_media":18432,"template":"","meta":[],"product_cat":[22,19],"product_tag":[],"_links":{"self":[{"href":"https:\/\/www.mrmotors.fi\/fi\/wp-json\/wp\/v2\/product\/18530"}],"collection":[{"href":"https:\/\/www.mrmotors.fi\/fi\/wp-json\/wp\/v2\/product"}],"about":[{"href":"https:\/\/www.mrmotors.fi\/fi\/wp-json\/wp\/v2\/types\/product"}],"wp:featuredmedia":[{"embeddable":true,"href":"https:\/\/www.mrmotors.fi\/fi\/wp-json\/wp\/v2\/media\/18432"}],"wp:attachment":[{"href":"https:\/\/www.mrmotors.fi\/fi\/wp-json\/wp\/v2\/media?parent=18530"}],"wp:term":[{"taxonomy":"product_cat","embeddable":true,"href":"https:\/\/www.mrmotors.fi\/fi\/wp-json\/wp\/v2\/product_cat?post=18530"},{"taxonomy":"product_tag","embeddable":true,"href":"https:\/\/www.mrmotors.fi\/fi\/wp-json\/wp\/v2\/product_tag?post=18530"}],"curies":[{"name":"wp","href":"https:\/\/api.w.org\/{rel}","templated":true}]}}