{"id":18526,"date":"2026-04-13T13:06:46","date_gmt":"2026-04-13T10:06:46","guid":{"rendered":"https:\/\/www.mrmotors.fi\/produkt\/stiga-multiclip-547-ae-kit\/"},"modified":"2026-04-13T13:06:46","modified_gmt":"2026-04-13T10:06:46","slug":"stiga-multiclip-547-ae-kit","status":"publish","type":"product","link":"https:\/\/www.mrmotors.fi\/fi\/tuote\/stiga-multiclip-547-ae-kit\/","title":{"rendered":"Stiga Multiclip 547 AE Kit"},"content":{"rendered":"<p>Stiga Multiclip 547 AE Kit<br \/>\nTy\u00f6nt\u00e4v\u00e4 akkuleikkuri.<\/p>\n","protected":false},"excerpt":{"rendered":"<p>Stiga Multiclip 547 AE Kit Ty\u00f6nt\u00e4v\u00e4 akkuleikkuri.<\/p>\n","protected":false},"featured_media":18424,"template":"","meta":[],"product_cat":[22,19],"product_tag":[],"_links":{"self":[{"href":"https:\/\/www.mrmotors.fi\/fi\/wp-json\/wp\/v2\/product\/18526"}],"collection":[{"href":"https:\/\/www.mrmotors.fi\/fi\/wp-json\/wp\/v2\/product"}],"about":[{"href":"https:\/\/www.mrmotors.fi\/fi\/wp-json\/wp\/v2\/types\/product"}],"wp:featuredmedia":[{"embeddable":true,"href":"https:\/\/www.mrmotors.fi\/fi\/wp-json\/wp\/v2\/media\/18424"}],"wp:attachment":[{"href":"https:\/\/www.mrmotors.fi\/fi\/wp-json\/wp\/v2\/media?parent=18526"}],"wp:term":[{"taxonomy":"product_cat","embeddable":true,"href":"https:\/\/www.mrmotors.fi\/fi\/wp-json\/wp\/v2\/product_cat?post=18526"},{"taxonomy":"product_tag","embeddable":true,"href":"https:\/\/www.mrmotors.fi\/fi\/wp-json\/wp\/v2\/product_tag?post=18526"}],"curies":[{"name":"wp","href":"https:\/\/api.w.org\/{rel}","templated":true}]}}