{"id":18524,"date":"2026-04-13T13:12:00","date_gmt":"2026-04-13T10:12:00","guid":{"rendered":"https:\/\/www.mrmotors.fi\/produkt\/stiga-multiclip-47\/"},"modified":"2026-04-13T13:12:00","modified_gmt":"2026-04-13T10:12:00","slug":"stiga-multiclip-47","status":"publish","type":"product","link":"https:\/\/www.mrmotors.fi\/fi\/tuote\/stiga-multiclip-47\/","title":{"rendered":"Stiga Multiclip 47"},"content":{"rendered":"<p>Stiga Multiclip 47<br \/>\nTy\u00f6nt\u00e4v\u00e4 multiclip leikkuri.<\/p>\n","protected":false},"excerpt":{"rendered":"<p>Stiga Multiclip 47 Ty\u00f6nt\u00e4v\u00e4 multiclip leikkuri.<\/p>\n","protected":false},"featured_media":18420,"template":"","meta":[],"product_cat":[22,19],"product_tag":[],"_links":{"self":[{"href":"https:\/\/www.mrmotors.fi\/fi\/wp-json\/wp\/v2\/product\/18524"}],"collection":[{"href":"https:\/\/www.mrmotors.fi\/fi\/wp-json\/wp\/v2\/product"}],"about":[{"href":"https:\/\/www.mrmotors.fi\/fi\/wp-json\/wp\/v2\/types\/product"}],"wp:featuredmedia":[{"embeddable":true,"href":"https:\/\/www.mrmotors.fi\/fi\/wp-json\/wp\/v2\/media\/18420"}],"wp:attachment":[{"href":"https:\/\/www.mrmotors.fi\/fi\/wp-json\/wp\/v2\/media?parent=18524"}],"wp:term":[{"taxonomy":"product_cat","embeddable":true,"href":"https:\/\/www.mrmotors.fi\/fi\/wp-json\/wp\/v2\/product_cat?post=18524"},{"taxonomy":"product_tag","embeddable":true,"href":"https:\/\/www.mrmotors.fi\/fi\/wp-json\/wp\/v2\/product_tag?post=18524"}],"curies":[{"name":"wp","href":"https:\/\/api.w.org\/{rel}","templated":true}]}}