{"id":18522,"date":"2026-04-13T13:24:49","date_gmt":"2026-04-13T10:24:49","guid":{"rendered":"https:\/\/www.mrmotors.fi\/produkt\/stiga-multiclip-50\/"},"modified":"2026-04-13T13:24:49","modified_gmt":"2026-04-13T10:24:49","slug":"stiga-multiclip-50","status":"publish","type":"product","link":"https:\/\/www.mrmotors.fi\/fi\/tuote\/stiga-multiclip-50\/","title":{"rendered":"Stiga Multiclip 50"},"content":{"rendered":"<p>Stiga Multiclip 50<br \/>\nTy\u00f6nt\u00e4v\u00e4 leikkuri. <\/p>\n","protected":false},"excerpt":{"rendered":"<p>Stiga Multiclip 50 Ty\u00f6nt\u00e4v\u00e4 leikkuri.<\/p>\n","protected":false},"featured_media":18500,"template":"","meta":[],"product_cat":[22,19],"product_tag":[],"_links":{"self":[{"href":"https:\/\/www.mrmotors.fi\/fi\/wp-json\/wp\/v2\/product\/18522"}],"collection":[{"href":"https:\/\/www.mrmotors.fi\/fi\/wp-json\/wp\/v2\/product"}],"about":[{"href":"https:\/\/www.mrmotors.fi\/fi\/wp-json\/wp\/v2\/types\/product"}],"wp:featuredmedia":[{"embeddable":true,"href":"https:\/\/www.mrmotors.fi\/fi\/wp-json\/wp\/v2\/media\/18500"}],"wp:attachment":[{"href":"https:\/\/www.mrmotors.fi\/fi\/wp-json\/wp\/v2\/media?parent=18522"}],"wp:term":[{"taxonomy":"product_cat","embeddable":true,"href":"https:\/\/www.mrmotors.fi\/fi\/wp-json\/wp\/v2\/product_cat?post=18522"},{"taxonomy":"product_tag","embeddable":true,"href":"https:\/\/www.mrmotors.fi\/fi\/wp-json\/wp\/v2\/product_tag?post=18522"}],"curies":[{"name":"wp","href":"https:\/\/api.w.org\/{rel}","templated":true}]}}