{"id":18517,"date":"2026-04-13T14:14:28","date_gmt":"2026-04-13T11:14:28","guid":{"rendered":"https:\/\/www.mrmotors.fi\/produkt\/stiga-park-300-rc\/"},"modified":"2026-04-13T14:14:28","modified_gmt":"2026-04-13T11:14:28","slug":"stiga-park-300-rc","status":"publish","type":"product","link":"https:\/\/www.mrmotors.fi\/fi\/tuote\/stiga-park-300-rc\/","title":{"rendered":"Stiga Park 300 RC"},"content":{"rendered":"<p>Stiga Park 300 RC<br \/>\nHydrostaatti.<br \/>\nMulticlip 95 QF leikuup\u00f6yt\u00e4<br \/>\ns\u00e4hk\u00f6ll\u00e4.<\/p>\n","protected":false},"excerpt":{"rendered":"<p>Stiga Park 300 RC Hydrostaatti. Multiclip 95 QF leikuup\u00f6yt\u00e4 s\u00e4hk\u00f6ll\u00e4.<\/p>\n","protected":false},"featured_media":18388,"template":"","meta":[],"product_cat":[22,19],"product_tag":[],"_links":{"self":[{"href":"https:\/\/www.mrmotors.fi\/fi\/wp-json\/wp\/v2\/product\/18517"}],"collection":[{"href":"https:\/\/www.mrmotors.fi\/fi\/wp-json\/wp\/v2\/product"}],"about":[{"href":"https:\/\/www.mrmotors.fi\/fi\/wp-json\/wp\/v2\/types\/product"}],"wp:featuredmedia":[{"embeddable":true,"href":"https:\/\/www.mrmotors.fi\/fi\/wp-json\/wp\/v2\/media\/18388"}],"wp:attachment":[{"href":"https:\/\/www.mrmotors.fi\/fi\/wp-json\/wp\/v2\/media?parent=18517"}],"wp:term":[{"taxonomy":"product_cat","embeddable":true,"href":"https:\/\/www.mrmotors.fi\/fi\/wp-json\/wp\/v2\/product_cat?post=18517"},{"taxonomy":"product_tag","embeddable":true,"href":"https:\/\/www.mrmotors.fi\/fi\/wp-json\/wp\/v2\/product_tag?post=18517"}],"curies":[{"name":"wp","href":"https:\/\/api.w.org\/{rel}","templated":true}]}}