{"id":18515,"date":"2026-04-13T14:20:11","date_gmt":"2026-04-13T11:20:11","guid":{"rendered":"https:\/\/www.mrmotors.fi\/produkt\/stiga-estate-598\/"},"modified":"2026-04-13T14:20:11","modified_gmt":"2026-04-13T11:20:11","slug":"stiga-estate-598","status":"publish","type":"product","link":"https:\/\/www.mrmotors.fi\/fi\/tuote\/stiga-estate-598\/","title":{"rendered":"Stiga Estate 598"},"content":{"rendered":"<p>Stiga Estate 598.<br \/>\nHydrostatti.<br \/>\n240 l ker\u00e4\u00e4j\u00e4.<br \/>\nLeikkuleveys 98cm.<\/p>\n","protected":false},"excerpt":{"rendered":"<p>Stiga Estate 598. Hydrostatti. 240 l ker\u00e4\u00e4j\u00e4. Leikkuleveys 98cm.<\/p>\n","protected":false},"featured_media":18378,"template":"","meta":[],"product_cat":[22,19],"product_tag":[],"_links":{"self":[{"href":"https:\/\/www.mrmotors.fi\/fi\/wp-json\/wp\/v2\/product\/18515"}],"collection":[{"href":"https:\/\/www.mrmotors.fi\/fi\/wp-json\/wp\/v2\/product"}],"about":[{"href":"https:\/\/www.mrmotors.fi\/fi\/wp-json\/wp\/v2\/types\/product"}],"wp:featuredmedia":[{"embeddable":true,"href":"https:\/\/www.mrmotors.fi\/fi\/wp-json\/wp\/v2\/media\/18378"}],"wp:attachment":[{"href":"https:\/\/www.mrmotors.fi\/fi\/wp-json\/wp\/v2\/media?parent=18515"}],"wp:term":[{"taxonomy":"product_cat","embeddable":true,"href":"https:\/\/www.mrmotors.fi\/fi\/wp-json\/wp\/v2\/product_cat?post=18515"},{"taxonomy":"product_tag","embeddable":true,"href":"https:\/\/www.mrmotors.fi\/fi\/wp-json\/wp\/v2\/product_tag?post=18515"}],"curies":[{"name":"wp","href":"https:\/\/api.w.org\/{rel}","templated":true}]}}