{"id":18514,"date":"2026-04-13T14:22:21","date_gmt":"2026-04-13T11:22:21","guid":{"rendered":"https:\/\/www.mrmotors.fi\/produkt\/stiga-estate-384\/"},"modified":"2026-04-13T14:22:21","modified_gmt":"2026-04-13T11:22:21","slug":"stiga-estate-384","status":"publish","type":"product","link":"https:\/\/www.mrmotors.fi\/fi\/tuote\/stiga-estate-384\/","title":{"rendered":"Stiga Estate 384"},"content":{"rendered":"<p>Stiga Estate 384.<br \/>\nHydrostatti.<br \/>\n240 l ker\u00e4\u00e4j\u00e4.<br \/>\nLeikkuleveys 84 cm.<\/p>\n","protected":false},"excerpt":{"rendered":"<p>Stiga Estate 384. Hydrostatti. 240 l ker\u00e4\u00e4j\u00e4. Leikkuleveys 84 cm.<\/p>\n","protected":false},"featured_media":18398,"template":"","meta":[],"product_cat":[22,19],"product_tag":[],"_links":{"self":[{"href":"https:\/\/www.mrmotors.fi\/fi\/wp-json\/wp\/v2\/product\/18514"}],"collection":[{"href":"https:\/\/www.mrmotors.fi\/fi\/wp-json\/wp\/v2\/product"}],"about":[{"href":"https:\/\/www.mrmotors.fi\/fi\/wp-json\/wp\/v2\/types\/product"}],"wp:featuredmedia":[{"embeddable":true,"href":"https:\/\/www.mrmotors.fi\/fi\/wp-json\/wp\/v2\/media\/18398"}],"wp:attachment":[{"href":"https:\/\/www.mrmotors.fi\/fi\/wp-json\/wp\/v2\/media?parent=18514"}],"wp:term":[{"taxonomy":"product_cat","embeddable":true,"href":"https:\/\/www.mrmotors.fi\/fi\/wp-json\/wp\/v2\/product_cat?post=18514"},{"taxonomy":"product_tag","embeddable":true,"href":"https:\/\/www.mrmotors.fi\/fi\/wp-json\/wp\/v2\/product_tag?post=18514"}],"curies":[{"name":"wp","href":"https:\/\/api.w.org\/{rel}","templated":true}]}}