{"id":18513,"date":"2026-04-13T14:27:30","date_gmt":"2026-04-13T11:27:30","guid":{"rendered":"https:\/\/www.mrmotors.fi\/produkt\/stiga-park-500-wx\/"},"modified":"2026-04-13T14:27:30","modified_gmt":"2026-04-13T11:27:30","slug":"stiga-park-500-wx","status":"publish","type":"product","link":"https:\/\/www.mrmotors.fi\/fi\/tuote\/stiga-park-500-wx\/","title":{"rendered":"Stiga Park 500 WX"},"content":{"rendered":"<p>Stiga Park 500 WX.<br \/>\n4WD.Hydrostaatti.<br \/>\nCombi 100 QF leikuup\u00f6yt\u00e4<br \/>\ns\u00e4hk\u00f6nostolla.<\/p>\n","protected":false},"excerpt":{"rendered":"<p>Stiga Park 500 WX. 4WD.Hydrostaatti. Combi 100 QF leikuup\u00f6yt\u00e4 s\u00e4hk\u00f6nostolla.<\/p>\n","protected":false},"featured_media":18380,"template":"","meta":[],"product_cat":[22,19],"product_tag":[],"_links":{"self":[{"href":"https:\/\/www.mrmotors.fi\/fi\/wp-json\/wp\/v2\/product\/18513"}],"collection":[{"href":"https:\/\/www.mrmotors.fi\/fi\/wp-json\/wp\/v2\/product"}],"about":[{"href":"https:\/\/www.mrmotors.fi\/fi\/wp-json\/wp\/v2\/types\/product"}],"wp:featuredmedia":[{"embeddable":true,"href":"https:\/\/www.mrmotors.fi\/fi\/wp-json\/wp\/v2\/media\/18380"}],"wp:attachment":[{"href":"https:\/\/www.mrmotors.fi\/fi\/wp-json\/wp\/v2\/media?parent=18513"}],"wp:term":[{"taxonomy":"product_cat","embeddable":true,"href":"https:\/\/www.mrmotors.fi\/fi\/wp-json\/wp\/v2\/product_cat?post=18513"},{"taxonomy":"product_tag","embeddable":true,"href":"https:\/\/www.mrmotors.fi\/fi\/wp-json\/wp\/v2\/product_tag?post=18513"}],"curies":[{"name":"wp","href":"https:\/\/api.w.org\/{rel}","templated":true}]}}