{"id":18372,"date":"2026-04-11T13:51:37","date_gmt":"2026-04-11T10:51:37","guid":{"rendered":"https:\/\/www.mrmotors.fi\/produkt\/honda-bf10-shu\/"},"modified":"2026-04-11T13:51:37","modified_gmt":"2026-04-11T10:51:37","slug":"honda-bf10-shu","status":"publish","type":"product","link":"https:\/\/www.mrmotors.fi\/fi\/tuote\/honda-bf10-shu\/","title":{"rendered":"Honda BF10 SHU"},"content":{"rendered":"<p>Honda BF10 SHU<br \/>\nLyhyt riki.<br \/>\nK\u00e4sik\u00e4ynnistys.<br \/>\nV\u00e4h\u00e4n ajettu.<br \/>\nHuollettu.<br \/>\nHyv\u00e4 kunto.<\/p>\n","protected":false},"excerpt":{"rendered":"<p>Honda BF10 SHU Lyhyt riki. K\u00e4sik\u00e4ynnistys. V\u00e4h\u00e4n ajettu. Huollettu. Hyv\u00e4 kunto.<\/p>\n","protected":false},"featured_media":18369,"template":"","meta":[],"product_cat":[17,18],"product_tag":[],"_links":{"self":[{"href":"https:\/\/www.mrmotors.fi\/fi\/wp-json\/wp\/v2\/product\/18372"}],"collection":[{"href":"https:\/\/www.mrmotors.fi\/fi\/wp-json\/wp\/v2\/product"}],"about":[{"href":"https:\/\/www.mrmotors.fi\/fi\/wp-json\/wp\/v2\/types\/product"}],"wp:featuredmedia":[{"embeddable":true,"href":"https:\/\/www.mrmotors.fi\/fi\/wp-json\/wp\/v2\/media\/18369"}],"wp:attachment":[{"href":"https:\/\/www.mrmotors.fi\/fi\/wp-json\/wp\/v2\/media?parent=18372"}],"wp:term":[{"taxonomy":"product_cat","embeddable":true,"href":"https:\/\/www.mrmotors.fi\/fi\/wp-json\/wp\/v2\/product_cat?post=18372"},{"taxonomy":"product_tag","embeddable":true,"href":"https:\/\/www.mrmotors.fi\/fi\/wp-json\/wp\/v2\/product_tag?post=18372"}],"curies":[{"name":"wp","href":"https:\/\/api.w.org\/{rel}","templated":true}]}}