{"id":18342,"date":"2026-04-10T11:31:11","date_gmt":"2026-04-10T08:31:11","guid":{"rendered":"https:\/\/www.mrmotors.fi\/produkt\/kulla-485-r-suzuki-30\/"},"modified":"2026-04-10T11:31:11","modified_gmt":"2026-04-10T08:31:11","slug":"kulla-485-r-suzuki-30","status":"publish","type":"product","link":"https:\/\/www.mrmotors.fi\/fi\/tuote\/kulla-485-r-suzuki-30\/","title":{"rendered":"Kulla 485 R \/ Suzuki 30"},"content":{"rendered":"<p>Kulla 485 R<br \/>\nItsetyhjentyv\u00e4.<br \/>\nK\u00f6lirauta.<br \/>\nPohja maalattu.<br \/>\nSuzuki 30 3 cyl 2tahti.<br \/>\nS\u00e4hk\u00f6startti.<br \/>\nHuollettu.<br \/>\nTodella asiallinen paketti.<\/p>\n","protected":false},"excerpt":{"rendered":"<p>Kulla 485 R Itsetyhjentyv\u00e4. K\u00f6lirauta. Pohja maalattu. Suzuki 30 3 cyl 2tahti. S\u00e4hk\u00f6startti. Huollettu. Todella asiallinen paketti.<\/p>\n","protected":false},"featured_media":18341,"template":"","meta":[],"product_cat":[17,32],"product_tag":[],"_links":{"self":[{"href":"https:\/\/www.mrmotors.fi\/fi\/wp-json\/wp\/v2\/product\/18342"}],"collection":[{"href":"https:\/\/www.mrmotors.fi\/fi\/wp-json\/wp\/v2\/product"}],"about":[{"href":"https:\/\/www.mrmotors.fi\/fi\/wp-json\/wp\/v2\/types\/product"}],"wp:featuredmedia":[{"embeddable":true,"href":"https:\/\/www.mrmotors.fi\/fi\/wp-json\/wp\/v2\/media\/18341"}],"wp:attachment":[{"href":"https:\/\/www.mrmotors.fi\/fi\/wp-json\/wp\/v2\/media?parent=18342"}],"wp:term":[{"taxonomy":"product_cat","embeddable":true,"href":"https:\/\/www.mrmotors.fi\/fi\/wp-json\/wp\/v2\/product_cat?post=18342"},{"taxonomy":"product_tag","embeddable":true,"href":"https:\/\/www.mrmotors.fi\/fi\/wp-json\/wp\/v2\/product_tag?post=18342"}],"curies":[{"name":"wp","href":"https:\/\/api.w.org\/{rel}","templated":true}]}}