{"id":18290,"date":"2026-03-30T10:22:56","date_gmt":"2026-03-30T07:22:56","guid":{"rendered":"https:\/\/www.mrmotors.fi\/produkt\/terhi-450-cc-honda-40\/"},"modified":"2026-03-30T10:22:56","modified_gmt":"2026-03-30T07:22:56","slug":"terhi-450-cc-honda-40","status":"publish","type":"product","link":"https:\/\/www.mrmotors.fi\/fi\/tuote\/terhi-450-cc-honda-40\/","title":{"rendered":"Terhi 450 CC \/ Honda 40"},"content":{"rendered":"<p>Terhi 450 CC on keskipulpetillinen moottorivene, joka sopii niin m\u00f6kki- kuin yleisveneeksi, ja jolla kuljet sek\u00e4 m\u00f6kkimatkat, ett\u00e4 kalastelet auringon laskiessa l\u00e4mpim\u00e4n kes\u00e4p\u00e4iv\u00e4n p\u00e4\u00e4tteeksi. Per\u00e4peiliin voi asentaa jopa 40 hv per\u00e4moottorin, jolla vene kulkee iloisesti ja tasapainoisesti jopa kovassa keliss\u00e4.<br \/>\nHonda BF40 LRTZ moottori.<br \/>\nKampanjahinta 12490.- + Toimituskulut.<\/p>\n","protected":false},"excerpt":{"rendered":"<p>Terhi 450 CC on keskipulpetillinen moottorivene, joka sopii niin m\u00f6kki- kuin yleisveneeksi, ja jolla kuljet sek\u00e4 m\u00f6kkimatkat, ett\u00e4 kalastelet auringon laskiessa l\u00e4mpim\u00e4n kes\u00e4p\u00e4iv\u00e4n p\u00e4\u00e4tteeksi. Per\u00e4peiliin voi asentaa jopa 40 hv per\u00e4moottorin, jolla vene kulkee iloisesti ja tasapainoisesti jopa kovassa keliss\u00e4. Honda BF40 LRTZ moottori. Kampanjahinta 12490.- + Toimituskulut.<\/p>\n","protected":false},"featured_media":18289,"template":"","meta":[],"product_cat":[19,21],"product_tag":[],"_links":{"self":[{"href":"https:\/\/www.mrmotors.fi\/fi\/wp-json\/wp\/v2\/product\/18290"}],"collection":[{"href":"https:\/\/www.mrmotors.fi\/fi\/wp-json\/wp\/v2\/product"}],"about":[{"href":"https:\/\/www.mrmotors.fi\/fi\/wp-json\/wp\/v2\/types\/product"}],"wp:featuredmedia":[{"embeddable":true,"href":"https:\/\/www.mrmotors.fi\/fi\/wp-json\/wp\/v2\/media\/18289"}],"wp:attachment":[{"href":"https:\/\/www.mrmotors.fi\/fi\/wp-json\/wp\/v2\/media?parent=18290"}],"wp:term":[{"taxonomy":"product_cat","embeddable":true,"href":"https:\/\/www.mrmotors.fi\/fi\/wp-json\/wp\/v2\/product_cat?post=18290"},{"taxonomy":"product_tag","embeddable":true,"href":"https:\/\/www.mrmotors.fi\/fi\/wp-json\/wp\/v2\/product_tag?post=18290"}],"curies":[{"name":"wp","href":"https:\/\/api.w.org\/{rel}","templated":true}]}}