{"id":18014,"date":"2026-02-13T08:59:05","date_gmt":"2026-02-13T06:59:05","guid":{"rendered":"https:\/\/www.mrmotors.fi\/produkt\/silver-hawk-brx\/"},"modified":"2026-02-13T08:59:05","modified_gmt":"2026-02-13T06:59:05","slug":"silver-hawk-brx","status":"publish","type":"product","link":"https:\/\/www.mrmotors.fi\/fi\/tuote\/silver-hawk-brx\/","title":{"rendered":"Silver Hawk BRX"},"content":{"rendered":"<p>Silver Hawk BRX + Honda BF100<br \/>\nComfort Pack<br \/>\nSis. takatyynysarja, per\u00e4kuomu ja varustekassi.<\/p>\n<p>Hinta 40880\u20ac + Toimituskulut.<\/p>\n<p>Kysy tarjous.<\/p>\n<p>Vaihto \/ Rahoitus <\/p>\n<p>Vakiovarusteet<br \/>\nAlumiiniturkki<br \/>\nAnturitelineen liukukisko<br \/>\nKokoleve\u00e4 takapenkki jonka alla tilava s\u00e4ilytystila<br \/>\nCE-normin mukainen rakenne ja itsetyhjentyv\u00e4 avotila<br \/>\nErilliset k\u00f6ysiboksit uimatasoilla<br \/>\nHydrauliohjaus<br \/>\nKokopehmustetut offshore-istuimet kuljettajalle ja apukuljettajalle<br \/>\nK\u00f6ysiboksi keulassa<br \/>\nKulkuvalot<br \/>\nLaita- ja tuulilasikaiteet<br \/>\nMonipuolisia, erikokoisia s\u00e4ilytystiloja<br \/>\nMukiteline<br \/>\nMurtosilmukka keulat\u00e4kill\u00e4<br \/>\nPolttoaines\u00e4ili\u00f6 115 l<br \/>\nPolttoainesuodatin<br \/>\nPulpettien v\u00e4liovi<br \/>\nRaymarine Axiom 9&#8243; -karttaplotteri CPT-S-anturilla<br \/>\nS\u00e4hk\u00f6inen automaattinen pilssipumppu<br \/>\nSammutin<br \/>\nSmartdeck\u00ae EVA -kansimateriaali keulan ja per\u00e4kannen kulkualueilla<br \/>\nTrailerin kiinnityslenkit edess\u00e4 ja takana<br \/>\nTuulilasi karkaistua lasia<br \/>\nUimaporras, HST<br \/>\nUistelunopeuden s\u00e4\u00e4din (Trolling Control)<br \/>\nVirran ulosotto 12 V<\/p>\n","protected":false},"excerpt":{"rendered":"<p>Silver Hawk BRX + Honda BF100 Comfort Pack Sis. takatyynysarja, per\u00e4kuomu ja varustekassi. Hinta 40880\u20ac + Toimituskulut. Kysy tarjous. Vaihto \/ Rahoitus Vakiovarusteet Alumiiniturkki Anturitelineen liukukisko Kokoleve\u00e4 takapenkki jonka alla tilava s\u00e4ilytystila CE-normin mukainen rakenne ja itsetyhjentyv\u00e4 avotila Erilliset k\u00f6ysiboksit uimatasoilla Hydrauliohjaus Kokopehmustetut offshore-istuimet kuljettajalle ja apukuljettajalle K\u00f6ysiboksi keulassa Kulkuvalot Laita- ja tuulilasikaiteet Monipuolisia, erikokoisia [&hellip;]<\/p>\n","protected":false},"featured_media":17987,"template":"","meta":[],"product_cat":[19,21],"product_tag":[],"_links":{"self":[{"href":"https:\/\/www.mrmotors.fi\/fi\/wp-json\/wp\/v2\/product\/18014"}],"collection":[{"href":"https:\/\/www.mrmotors.fi\/fi\/wp-json\/wp\/v2\/product"}],"about":[{"href":"https:\/\/www.mrmotors.fi\/fi\/wp-json\/wp\/v2\/types\/product"}],"wp:featuredmedia":[{"embeddable":true,"href":"https:\/\/www.mrmotors.fi\/fi\/wp-json\/wp\/v2\/media\/17987"}],"wp:attachment":[{"href":"https:\/\/www.mrmotors.fi\/fi\/wp-json\/wp\/v2\/media?parent=18014"}],"wp:term":[{"taxonomy":"product_cat","embeddable":true,"href":"https:\/\/www.mrmotors.fi\/fi\/wp-json\/wp\/v2\/product_cat?post=18014"},{"taxonomy":"product_tag","embeddable":true,"href":"https:\/\/www.mrmotors.fi\/fi\/wp-json\/wp\/v2\/product_tag?post=18014"}],"curies":[{"name":"wp","href":"https:\/\/api.w.org\/{rel}","templated":true}]}}