{"id":18009,"date":"2026-02-12T14:23:05","date_gmt":"2026-02-12T12:23:05","guid":{"rendered":"https:\/\/www.mrmotors.fi\/produkt\/silver-hawk-br-comfortpack\/"},"modified":"2026-02-12T14:23:05","modified_gmt":"2026-02-12T12:23:05","slug":"silver-hawk-br-comfortpack","status":"publish","type":"product","link":"https:\/\/www.mrmotors.fi\/fi\/tuote\/silver-hawk-br-comfortpack\/","title":{"rendered":"Silver Hawk BR Comfortpack"},"content":{"rendered":"<p>Silver Hawk BR Comfortpack + Honda BF100 LRTU.<br \/>\nComfort Pack sis\u00e4lt\u00e4\u00e4:alumiiniturkkilevyt (kirkas alumiini)varustekassin,per\u00e4kuomun,takapenkin pehmusteet.<br \/>\nVakoivarusteet:<br \/>\nRaymarine Axiom 9&#8243; -karttaplotteri CPT-S-anturilla<br \/>\nAnturitelineen liukukisko<br \/>\nCE-normin mukainen rakenne ja itsetyhjentyv\u00e4 avotila<br \/>\nHydrauliohjaus<br \/>\nTuulilasi karkaistua lasia<br \/>\nKokopehmustetut kuppi-istuimet; kuljettajan istuimessa yl\u00f6snouseva etuosa<br \/>\nKulkuvalot<br \/>\nK\u00f6ysiboksi keulassa<br \/>\nErilliset k\u00f6ysiboksit uimatasoilla<br \/>\nLaitakaiteet, HST<br \/>\nMukiteline<br \/>\nMurtosilmukka keulat\u00e4kill\u00e4<br \/>\nPehmustetyynyt, takasarja<br \/>\nPolttoainesuodatin<br \/>\nPolttoaines\u00e4ili\u00f6 115 l<br \/>\nPulpettien v\u00e4liovi<br \/>\nAvattava takaistuin, istuimen alla tilava s\u00e4ilytystila<br \/>\nMonipuolisia, erikokoisia s\u00e4ilytystiloja<br \/>\nSammutin<br \/>\nS\u00e4hk\u00f6inen automaattinen pilssipumppu<br \/>\nTrailerin kiinnityslenkit edess\u00e4 ja takana<br \/>\nUimaporras, HST<br \/>\nUistelunopeuden s\u00e4\u00e4din (Trolling Control)<br \/>\nVirran ulosotto 12 V<\/p>\n<p>Kysy Tarjous \/ Vaihtotarjous.<\/p>\n","protected":false},"excerpt":{"rendered":"<p>Silver Hawk BR Comfortpack + Honda BF100 LRTU. Comfort Pack sis\u00e4lt\u00e4\u00e4:alumiiniturkkilevyt (kirkas alumiini)varustekassin,per\u00e4kuomun,takapenkin pehmusteet. Vakoivarusteet: Raymarine Axiom 9&#8243; -karttaplotteri CPT-S-anturilla Anturitelineen liukukisko CE-normin mukainen rakenne ja itsetyhjentyv\u00e4 avotila Hydrauliohjaus Tuulilasi karkaistua lasia Kokopehmustetut kuppi-istuimet; kuljettajan istuimessa yl\u00f6snouseva etuosa Kulkuvalot K\u00f6ysiboksi keulassa Erilliset k\u00f6ysiboksit uimatasoilla Laitakaiteet, HST Mukiteline Murtosilmukka keulat\u00e4kill\u00e4 Pehmustetyynyt, takasarja Polttoainesuodatin Polttoaines\u00e4ili\u00f6 115 l [&hellip;]<\/p>\n","protected":false},"featured_media":18008,"template":"","meta":[],"product_cat":[19,21],"product_tag":[],"_links":{"self":[{"href":"https:\/\/www.mrmotors.fi\/fi\/wp-json\/wp\/v2\/product\/18009"}],"collection":[{"href":"https:\/\/www.mrmotors.fi\/fi\/wp-json\/wp\/v2\/product"}],"about":[{"href":"https:\/\/www.mrmotors.fi\/fi\/wp-json\/wp\/v2\/types\/product"}],"wp:featuredmedia":[{"embeddable":true,"href":"https:\/\/www.mrmotors.fi\/fi\/wp-json\/wp\/v2\/media\/18008"}],"wp:attachment":[{"href":"https:\/\/www.mrmotors.fi\/fi\/wp-json\/wp\/v2\/media?parent=18009"}],"wp:term":[{"taxonomy":"product_cat","embeddable":true,"href":"https:\/\/www.mrmotors.fi\/fi\/wp-json\/wp\/v2\/product_cat?post=18009"},{"taxonomy":"product_tag","embeddable":true,"href":"https:\/\/www.mrmotors.fi\/fi\/wp-json\/wp\/v2\/product_tag?post=18009"}],"curies":[{"name":"wp","href":"https:\/\/api.w.org\/{rel}","templated":true}]}}