{"id":17908,"date":"2026-02-11T11:53:32","date_gmt":"2026-02-11T09:53:32","guid":{"rendered":"https:\/\/www.mrmotors.fi\/produkt\/polaris-fullpack\/"},"modified":"2026-02-11T11:53:32","modified_gmt":"2026-02-11T09:53:32","slug":"polaris-fullpack","status":"publish","type":"product","link":"https:\/\/www.mrmotors.fi\/fi\/tuote\/polaris-fullpack\/","title":{"rendered":"Polaris fullpack"},"content":{"rendered":"<p>Traktoriksi rekister\u00f6ity m\u00f6nkij\u00e4<br \/>\nPOLARIS SPM 570EFI<br \/>\n-60km\/h<br \/>\n-100% neliveto<br \/>\n-kahdelle rekister\u00f6ity<br \/>\n-korkea\/matala vaihde<br \/>\n-vinssi<br \/>\n-Lumilevy<br \/>\n-Hiekkak\u00e4rry<br \/>\nTarjoushinta 9990,-<br \/>\n+ toimituskulut 800,-<\/p>\n","protected":false},"excerpt":{"rendered":"<p>Traktoriksi rekister\u00f6ity m\u00f6nkij\u00e4 POLARIS SPM 570EFI -60km\/h -100% neliveto -kahdelle rekister\u00f6ity -korkea\/matala vaihde -vinssi -Lumilevy -Hiekkak\u00e4rry Tarjoushinta 9990,- + toimituskulut 800,-<\/p>\n","protected":false},"featured_media":17898,"template":"","meta":[],"product_cat":[20,19],"product_tag":[],"_links":{"self":[{"href":"https:\/\/www.mrmotors.fi\/fi\/wp-json\/wp\/v2\/product\/17908"}],"collection":[{"href":"https:\/\/www.mrmotors.fi\/fi\/wp-json\/wp\/v2\/product"}],"about":[{"href":"https:\/\/www.mrmotors.fi\/fi\/wp-json\/wp\/v2\/types\/product"}],"wp:featuredmedia":[{"embeddable":true,"href":"https:\/\/www.mrmotors.fi\/fi\/wp-json\/wp\/v2\/media\/17898"}],"wp:attachment":[{"href":"https:\/\/www.mrmotors.fi\/fi\/wp-json\/wp\/v2\/media?parent=17908"}],"wp:term":[{"taxonomy":"product_cat","embeddable":true,"href":"https:\/\/www.mrmotors.fi\/fi\/wp-json\/wp\/v2\/product_cat?post=17908"},{"taxonomy":"product_tag","embeddable":true,"href":"https:\/\/www.mrmotors.fi\/fi\/wp-json\/wp\/v2\/product_tag?post=17908"}],"curies":[{"name":"wp","href":"https:\/\/api.w.org\/{rel}","templated":true}]}}