{"id":17762,"date":"2026-01-08T14:31:53","date_gmt":"2026-01-08T12:31:53","guid":{"rendered":"https:\/\/www.mrmotors.fi\/produkt\/honda-bf100-lrtu\/"},"modified":"2026-04-29T13:38:53","modified_gmt":"2026-04-29T10:38:53","slug":"honda-bf100-lrtu","status":"publish","type":"product","link":"https:\/\/www.mrmotors.fi\/fi\/tuote\/honda-bf100-lrtu\/","title":{"rendered":"Honda BF100 LRTU"},"content":{"rendered":"<p>Honda BF100 LRTU.<br \/>\nV\u00e4h\u00e4n ajettu vain 161 tuntia.<br \/>\nHuollettu.<br \/>\nPintamalli kaukkari.<br \/>\nTer\u00e4spotkuri.<\/p>\n","protected":false},"excerpt":{"rendered":"<p>Honda BF100 LRTU. V\u00e4h\u00e4n ajettu vain 161 tuntia. Huollettu. Pintamalli kaukkari. Ter\u00e4spotkuri.<\/p>\n","protected":false},"featured_media":17723,"template":"","meta":[],"product_cat":[17,18],"product_tag":[],"_links":{"self":[{"href":"https:\/\/www.mrmotors.fi\/fi\/wp-json\/wp\/v2\/product\/17762"}],"collection":[{"href":"https:\/\/www.mrmotors.fi\/fi\/wp-json\/wp\/v2\/product"}],"about":[{"href":"https:\/\/www.mrmotors.fi\/fi\/wp-json\/wp\/v2\/types\/product"}],"wp:featuredmedia":[{"embeddable":true,"href":"https:\/\/www.mrmotors.fi\/fi\/wp-json\/wp\/v2\/media\/17723"}],"wp:attachment":[{"href":"https:\/\/www.mrmotors.fi\/fi\/wp-json\/wp\/v2\/media?parent=17762"}],"wp:term":[{"taxonomy":"product_cat","embeddable":true,"href":"https:\/\/www.mrmotors.fi\/fi\/wp-json\/wp\/v2\/product_cat?post=17762"},{"taxonomy":"product_tag","embeddable":true,"href":"https:\/\/www.mrmotors.fi\/fi\/wp-json\/wp\/v2\/product_tag?post=17762"}],"curies":[{"name":"wp","href":"https:\/\/api.w.org\/{rel}","templated":true}]}}