{"id":17761,"date":"2026-01-08T14:46:12","date_gmt":"2026-01-08T12:46:12","guid":{"rendered":"https:\/\/www.mrmotors.fi\/produkt\/mercury-20\/"},"modified":"2026-01-08T14:46:12","modified_gmt":"2026-01-08T12:46:12","slug":"mercury-20","status":"publish","type":"product","link":"https:\/\/www.mrmotors.fi\/fi\/tuote\/mercury-20\/","title":{"rendered":"Mercury 20"},"content":{"rendered":"<p>Mercury 20 ML<br \/>\n2 tahti.<br \/>\nPitk\u00e4 riki.<br \/>\nVaihteet kaasukahvassa.<br \/>\nK\u00e4sik\u00e4ynnistys.<br \/>\nTodella hyv\u00e4kuntoinen.<br \/>\nHuollettu.<\/p>\n","protected":false},"excerpt":{"rendered":"<p>Mercury 20 ML 2 tahti. Pitk\u00e4 riki. Vaihteet kaasukahvassa. K\u00e4sik\u00e4ynnistys. Todella hyv\u00e4kuntoinen. Huollettu.<\/p>\n","protected":false},"featured_media":17687,"template":"","meta":[],"product_cat":[17,18],"product_tag":[],"_links":{"self":[{"href":"https:\/\/www.mrmotors.fi\/fi\/wp-json\/wp\/v2\/product\/17761"}],"collection":[{"href":"https:\/\/www.mrmotors.fi\/fi\/wp-json\/wp\/v2\/product"}],"about":[{"href":"https:\/\/www.mrmotors.fi\/fi\/wp-json\/wp\/v2\/types\/product"}],"wp:featuredmedia":[{"embeddable":true,"href":"https:\/\/www.mrmotors.fi\/fi\/wp-json\/wp\/v2\/media\/17687"}],"wp:attachment":[{"href":"https:\/\/www.mrmotors.fi\/fi\/wp-json\/wp\/v2\/media?parent=17761"}],"wp:term":[{"taxonomy":"product_cat","embeddable":true,"href":"https:\/\/www.mrmotors.fi\/fi\/wp-json\/wp\/v2\/product_cat?post=17761"},{"taxonomy":"product_tag","embeddable":true,"href":"https:\/\/www.mrmotors.fi\/fi\/wp-json\/wp\/v2\/product_tag?post=17761"}],"curies":[{"name":"wp","href":"https:\/\/api.w.org\/{rel}","templated":true}]}}