{"id":16965,"date":"2025-04-29T13:42:26","date_gmt":"2025-04-29T10:42:26","guid":{"rendered":"https:\/\/www.mrmotors.fi\/produkt\/husqvarna-jyrsin\/"},"modified":"2025-04-29T13:42:26","modified_gmt":"2025-04-29T10:42:26","slug":"husqvarna-jyrsin","status":"publish","type":"product","link":"https:\/\/www.mrmotors.fi\/fi\/tuote\/husqvarna-jyrsin\/","title":{"rendered":"Husqvarna Jyrsin"},"content":{"rendered":"<p>Husqvarna T560 RS jyrsin<br \/>\nSubaru EP17HC moottori.<br \/>\nV\u00e4h\u00e4n k\u00e4ytetty.<br \/>\nTodella hyv\u00e4 kunto.<\/p>\n","protected":false},"excerpt":{"rendered":"<p>Husqvarna T560 RS jyrsin Subaru EP17HC moottori. V\u00e4h\u00e4n k\u00e4ytetty. Todella hyv\u00e4 kunto.<\/p>\n","protected":false},"featured_media":16964,"template":"","meta":[],"product_cat":[17,98],"product_tag":[],"_links":{"self":[{"href":"https:\/\/www.mrmotors.fi\/fi\/wp-json\/wp\/v2\/product\/16965"}],"collection":[{"href":"https:\/\/www.mrmotors.fi\/fi\/wp-json\/wp\/v2\/product"}],"about":[{"href":"https:\/\/www.mrmotors.fi\/fi\/wp-json\/wp\/v2\/types\/product"}],"wp:featuredmedia":[{"embeddable":true,"href":"https:\/\/www.mrmotors.fi\/fi\/wp-json\/wp\/v2\/media\/16964"}],"wp:attachment":[{"href":"https:\/\/www.mrmotors.fi\/fi\/wp-json\/wp\/v2\/media?parent=16965"}],"wp:term":[{"taxonomy":"product_cat","embeddable":true,"href":"https:\/\/www.mrmotors.fi\/fi\/wp-json\/wp\/v2\/product_cat?post=16965"},{"taxonomy":"product_tag","embeddable":true,"href":"https:\/\/www.mrmotors.fi\/fi\/wp-json\/wp\/v2\/product_tag?post=16965"}],"curies":[{"name":"wp","href":"https:\/\/api.w.org\/{rel}","templated":true}]}}