{"id":16883,"date":"2025-04-07T10:25:42","date_gmt":"2025-04-07T07:25:42","guid":{"rendered":"https:\/\/www.mrmotors.fi\/produkt\/faster-465-uutuus\/"},"modified":"2025-04-07T10:38:43","modified_gmt":"2025-04-07T07:38:43","slug":"faster-465-uutuus","status":"publish","type":"product","link":"https:\/\/www.mrmotors.fi\/fi\/tuote\/faster-465-uutuus\/","title":{"rendered":"Faster 465 Uutuus."},"content":{"rendered":"<p>Uutuus 2025:Kompakti uutuusmalli kokoaan suuremmilla ominaisuuksilla ja loistavalla ajotuntumalla. Faster 465 korvaa mallistossa olleen 460 i -mallin, ja sopii etenkin yhteysveneeksi, m\u00f6kin monipuoliseksi yleisveneeksi sek\u00e4 kalastukseen. Hyvin suojaava leve\u00e4 ohjauspulpetti on sijoitettavissa joko keskelle (vakio) tai oikeaan laitaan.<\/p>\n<p>Faster 465<br \/>\nPer\u00e4moottori\tSuositushinta\tPakettihinta<br \/>\n+ Honda BF40 DK4 LRTU\tVahvistamatta\t21 990 \u20ac<br \/>\n+ Honda BF50 DK4 LRTU\tVahvistamatta\t22 490 \u20ac<\/p>\n<p>L\u00f6ytyy varastossa.<\/p>\n","protected":false},"excerpt":{"rendered":"<p>Uutuus 2025:Kompakti uutuusmalli kokoaan suuremmilla ominaisuuksilla ja loistavalla ajotuntumalla. Faster 465 korvaa mallistossa olleen 460 i -mallin, ja sopii etenkin yhteysveneeksi, m\u00f6kin monipuoliseksi yleisveneeksi sek\u00e4 kalastukseen. Hyvin suojaava leve\u00e4 ohjauspulpetti on sijoitettavissa joko keskelle (vakio) tai oikeaan laitaan. Faster 465 Per\u00e4moottori Suositushinta Pakettihinta + Honda BF40 DK4 LRTU Vahvistamatta 21 990 \u20ac + Honda BF50 [&hellip;]<\/p>\n","protected":false},"featured_media":16882,"template":"","meta":[],"product_cat":[19,21],"product_tag":[],"_links":{"self":[{"href":"https:\/\/www.mrmotors.fi\/fi\/wp-json\/wp\/v2\/product\/16883"}],"collection":[{"href":"https:\/\/www.mrmotors.fi\/fi\/wp-json\/wp\/v2\/product"}],"about":[{"href":"https:\/\/www.mrmotors.fi\/fi\/wp-json\/wp\/v2\/types\/product"}],"wp:featuredmedia":[{"embeddable":true,"href":"https:\/\/www.mrmotors.fi\/fi\/wp-json\/wp\/v2\/media\/16882"}],"wp:attachment":[{"href":"https:\/\/www.mrmotors.fi\/fi\/wp-json\/wp\/v2\/media?parent=16883"}],"wp:term":[{"taxonomy":"product_cat","embeddable":true,"href":"https:\/\/www.mrmotors.fi\/fi\/wp-json\/wp\/v2\/product_cat?post=16883"},{"taxonomy":"product_tag","embeddable":true,"href":"https:\/\/www.mrmotors.fi\/fi\/wp-json\/wp\/v2\/product_tag?post=16883"}],"curies":[{"name":"wp","href":"https:\/\/api.w.org\/{rel}","templated":true}]}}