{"id":16523,"date":"2025-02-10T15:46:16","date_gmt":"2025-02-10T13:46:16","guid":{"rendered":"https:\/\/www.mrmotors.fi\/produkt\/parsun-20\/"},"modified":"2025-02-10T15:46:16","modified_gmt":"2025-02-10T13:46:16","slug":"parsun-20","status":"publish","type":"product","link":"https:\/\/www.mrmotors.fi\/fi\/tuote\/parsun-20\/","title":{"rendered":"Parsun 20"},"content":{"rendered":"<p>Parsun 20<br \/>\nPitk\u00e4 riki.<br \/>\nS\u00e4hk\u00f6startti.<br \/>\nOhjauskahva.<br \/>\nV\u00e4h\u00e4n ajettu.<br \/>\nHuollettu.<\/p>\n","protected":false},"excerpt":{"rendered":"<p>Parsun 20 Pitk\u00e4 riki. S\u00e4hk\u00f6startti. Ohjauskahva. V\u00e4h\u00e4n ajettu. Huollettu.<\/p>\n","protected":false},"featured_media":16482,"template":"","meta":[],"product_cat":[17,18],"product_tag":[],"_links":{"self":[{"href":"https:\/\/www.mrmotors.fi\/fi\/wp-json\/wp\/v2\/product\/16523"}],"collection":[{"href":"https:\/\/www.mrmotors.fi\/fi\/wp-json\/wp\/v2\/product"}],"about":[{"href":"https:\/\/www.mrmotors.fi\/fi\/wp-json\/wp\/v2\/types\/product"}],"wp:featuredmedia":[{"embeddable":true,"href":"https:\/\/www.mrmotors.fi\/fi\/wp-json\/wp\/v2\/media\/16482"}],"wp:attachment":[{"href":"https:\/\/www.mrmotors.fi\/fi\/wp-json\/wp\/v2\/media?parent=16523"}],"wp:term":[{"taxonomy":"product_cat","embeddable":true,"href":"https:\/\/www.mrmotors.fi\/fi\/wp-json\/wp\/v2\/product_cat?post=16523"},{"taxonomy":"product_tag","embeddable":true,"href":"https:\/\/www.mrmotors.fi\/fi\/wp-json\/wp\/v2\/product_tag?post=16523"}],"curies":[{"name":"wp","href":"https:\/\/api.w.org\/{rel}","templated":true}]}}